{"id":4327,"date":"2026-03-19T12:42:29","date_gmt":"2026-03-19T11:42:29","guid":{"rendered":"https:\/\/zentya.farenby.sk\/vista\/"},"modified":"2026-03-31T11:27:45","modified_gmt":"2026-03-31T09:27:45","slug":"vista","status":"publish","type":"page","link":"https:\/\/zentya.farenby.sk\/uk\/vista\/","title":{"rendered":"Vista"},"content":{"rendered":"\t\t<div data-elementor-type=\"wp-post\" data-elementor-id=\"4327\" class=\"elementor elementor-4327 elementor-2409\" data-elementor-post-type=\"page\">\n\t\t\t\t<div class=\"elementor-element elementor-element-7c8b388 e-flex e-con-boxed e-con e-parent\" data-id=\"7c8b388\" data-element_type=\"container\" data-e-type=\"container\" data-settings=\"{&quot;background_background&quot;:&quot;classic&quot;}\">\n\t\t\t\t\t<div class=\"e-con-inner\">\n\t\t<div class=\"elementor-element elementor-element-8472fb2 e-con-full e-flex e-con e-child\" data-id=\"8472fb2\" data-element_type=\"container\" data-e-type=\"container\" id=\"four\" data-settings=\"{&quot;background_background&quot;:&quot;classic&quot;}\">\n\t\t<div class=\"elementor-element elementor-element-1f8f896 e-con-full e-flex e-con e-child\" data-id=\"1f8f896\" data-element_type=\"container\" data-e-type=\"container\" data-settings=\"{&quot;background_background&quot;:&quot;classic&quot;}\">\n\t\t<div class=\"elementor-element elementor-element-53c1fc0 e-con-full e-flex e-con e-child\" data-id=\"53c1fc0\" data-element_type=\"container\" data-e-type=\"container\">\n\t\t\t\t<div class=\"elementor-element elementor-element-8f2c35a elementor-widget elementor-widget-heading\" data-id=\"8f2c35a\" data-element_type=\"widget\" data-e-type=\"widget\" data-widget_type=\"heading.default\">\n\t\t\t\t\t<h1 class=\"elementor-heading-title elementor-size-default\">Vista<\/h1>\t\t\t\t<\/div>\n\t\t\t\t<div class=\"elementor-element elementor-element-9e6bef4 elementor-widget__width-inherit elementor-widget elementor-widget-text-editor\" data-id=\"9e6bef4\" data-element_type=\"widget\" data-e-type=\"widget\" data-widget_type=\"text-editor.default\">\n\t\t\t\t\t\t\t\t\t<p style=\"text-align: left;\">\u041a\u043e\u043c\u043f\u043b\u0435\u043a\u0441\u043d\u0438\u0439 \u0433\u0435\u043d\u0435\u0442\u0438\u0447\u043d\u0438\u0439 \u0441\u043a\u0440\u0438\u043d\u0456\u043d\u0433, \u044f\u043a\u0438\u0439 \u0430\u043d\u0430\u043b\u0456\u0437\u0443\u0454 \u043f\u043e\u043d\u0430\u0434 10 000 \u0433\u0435\u043d\u0435\u0442\u0438\u0447\u043d\u0438\u0445 \u0432\u0430\u0440\u0456\u0430\u043d\u0442\u0456\u0432 \u0443 164 \u0433\u0435\u043d\u0430\u0445 \u0442\u0430 \u043e\u0445\u043e\u043f\u043b\u044e\u0454 \u043f\u043e\u043d\u0430\u0434 170 \u0441\u043f\u0430\u0434\u043a\u043e\u0432\u0438\u0445 \u0437\u0430\u0445\u0432\u043e\u0440\u044e\u0432\u0430\u043d\u044c<\/p>\t\t\t\t\t\t\t\t<\/div>\n\t\t\t\t<div class=\"elementor-element elementor-element-ab13755 elementor-hidden-mobile elementor-widget elementor-widget-text-editor\" data-id=\"ab13755\" data-element_type=\"widget\" data-e-type=\"widget\" data-widget_type=\"text-editor.default\">\n\t\t\t\t\t\t\t\t\t<p>\u0420\u043e\u0437\u0440\u043e\u0431\u043b\u0435\u043d\u043e \u0434\u043b\u044f \u043e\u0441\u0456\u0431 \u0430\u0431\u043e \u043f\u0430\u0440, \u044f\u043a\u0456 \u043f\u043b\u0430\u043d\u0443\u044e\u0442\u044c \u0432\u0430\u0433\u0456\u0442\u043d\u0456\u0441\u0442\u044c \u0456 \u0445\u043e\u0447\u0443\u0442\u044c \u0437\u043d\u0430\u0442\u0438 \u0441\u0432\u043e\u0457 \u0433\u0435\u043d\u0435\u0442\u0438\u0447\u043d\u0456 \u0440\u0438\u0437\u0438\u043a\u0438 \u0442\u0430 \u0437\u043c\u0435\u043d\u0448\u0438\u0442\u0438 \u0439\u043c\u043e\u0432\u0456\u0440\u043d\u0456\u0441\u0442\u044c \u043f\u0435\u0440\u0435\u0434\u0430\u0447\u0456 \u0441\u043f\u0430\u0434\u043a\u043e\u0432\u0438\u0445 \u0437\u0430\u0445\u0432\u043e\u0440\u044e\u0432\u0430\u043d\u044c \u0441\u0432\u043e\u0457\u0439 \u0434\u0438\u0442\u0438\u043d\u0456; \u0434\u043b\u044f \u043b\u044e\u0434\u0435\u0439, \u044f\u043a\u0456 \u043f\u0435\u0440\u0435\u0436\u0438\u043b\u0438 \u0432\u0438\u043a\u0438\u0434\u0435\u043d\u044c; \u043b\u044e\u0434\u0435\u0439, \u044f\u043a\u0456 \u0445\u043e\u0447\u0443\u0442\u044c \u043f\u0456\u0434\u0442\u0432\u0435\u0440\u0434\u0438\u0442\u0438 \u0440\u0435\u0437\u0443\u043b\u044c\u0442\u0430\u0442\u0438 \u043f\u0440\u0435\u043d\u0430\u0442\u0430\u043b\u044c\u043d\u043e\u0433\u043e \u0441\u043a\u0440\u0438\u043d\u0456\u043d\u0433\u0443 \u0432\u0438\u0441\u043e\u043a\u043e\u0433\u043e \u0440\u0438\u0437\u0438\u043a\u0443.<\/p>\t\t\t\t\t\t\t\t<\/div>\n\t\t\t\t<div class=\"elementor-element elementor-element-480060f elementor-hidden-mobile elementor-widget elementor-widget-text-editor\" data-id=\"480060f\" data-element_type=\"widget\" data-e-type=\"widget\" data-widget_type=\"text-editor.default\">\n\t\t\t\t\t\t\t\t\t<p><strong>\u041c\u0435\u0442\u043e\u0434<\/strong>: \u0421\u0435\u043a\u0432\u0435\u043d\u0443\u0432\u0430\u043d\u043d\u044f \u043d\u0430\u0441\u0442\u0443\u043f\u043d\u043e\u0433\u043e \u043f\u043e\u043a\u043e\u043b\u0456\u043d\u043d\u044f (NGS) \u2013 \u0432\u0438\u0441\u043e\u043a\u043e\u0442\u043e\u0447\u043d\u0438\u0439 \u0430\u043d\u0430\u043b\u0456\u0437 \u0414\u041d\u041a \u0437 \u043f\u0435\u0440\u0438\u0444\u0435\u0440\u0438\u0447\u043d\u043e\u0457 \u043a\u0440\u043e\u0432\u0456.<\/p>\t\t\t\t\t\t\t\t<\/div>\n\t\t\t\t<div class=\"elementor-element elementor-element-7cb63fe elementor-hidden-mobile elementor-widget elementor-widget-text-editor\" data-id=\"7cb63fe\" data-element_type=\"widget\" data-e-type=\"widget\" data-widget_type=\"text-editor.default\">\n\t\t\t\t\t\t\t\t\t<p><strong>\u0412\u0430\u0440\u0456\u0430\u043d\u0442\u0438<\/strong>: \u041c\u0456\u043d\u0456-\u043f\u0430\u043d\u0435\u043b\u044c (11 \u0437\u0430\u0445\u0432\u043e\u0440\u044e\u0432\u0430\u043d\u044c) \u0426\u0456\u043b\u044c\u043e\u0432\u0430 \u043f\u0430\u043d\u0435\u043b\u044c 2.0 (172 \u0437\u0430\u0445\u0432\u043e\u0440\u044e\u0432\u0430\u043d\u043d\u044f)<\/p>\t\t\t\t\t\t\t\t<\/div>\n\t\t\t\t<div class=\"elementor-element elementor-element-b052a9d elementor-hidden-mobile elementor-widget elementor-widget-text-editor\" data-id=\"b052a9d\" data-element_type=\"widget\" data-e-type=\"widget\" data-widget_type=\"text-editor.default\">\n\t\t\t\t\t\t\t\t\t<p><strong>Roz\u0161\u00edren\u00fd Panel <\/strong>: 1200+ (viac ako 1200 ochoren\u00ed)<\/p>\t\t\t\t\t\t\t\t<\/div>\n\t\t\t\t<div class=\"elementor-element elementor-element-dc58fd9 elementor-align-left elementor-hidden-mobile elementor-widget elementor-widget-elementskit-button\" data-id=\"dc58fd9\" data-element_type=\"widget\" data-e-type=\"widget\" id=\"button-md-left\" data-widget_type=\"elementskit-button.default\">\n\t\t\t\t\t<div class=\"ekit-wid-con\" >\t\t<div class=\"ekit-btn-wraper\">\n\t\t\t\t\t\t\t<a href=\"#\" class=\"elementskit-btn  whitespace--normal\" id=\"\">\n\t\t\t\t\t\u041f\u0435\u0440\u0435\u0439\u0442\u0438 \u043d\u0430 \u0441\u0442\u043e\u0440\u0456\u043d\u043a\u0443 Vista\t\t\t\t<\/a>\n\t\t\t\t\t<\/div>\n        <\/div>\t\t\t\t<\/div>\n\t\t\t\t<\/div>\n\t\t<div class=\"elementor-element elementor-element-df33f90 e-con-full elementor-hidden-mobile e-flex e-con e-child\" data-id=\"df33f90\" data-element_type=\"container\" data-e-type=\"container\" data-settings=\"{&quot;background_background&quot;:&quot;classic&quot;,&quot;position&quot;:&quot;absolute&quot;}\">\n\t\t\t\t<div class=\"elementor-element elementor-element-c38946d elementor-widget elementor-widget-heading\" data-id=\"c38946d\" data-element_type=\"widget\" data-e-type=\"widget\" data-widget_type=\"heading.default\">\n\t\t\t\t\t<h2 class=\"elementor-heading-title elementor-size-default\">99%<\/h2>\t\t\t\t<\/div>\n\t\t\t\t<div class=\"elementor-element elementor-element-bb0d49d elementor-widget elementor-widget-text-editor\" data-id=\"bb0d49d\" data-element_type=\"widget\" data-e-type=\"widget\" data-widget_type=\"text-editor.default\">\n\t\t\t\t\t\t\t\t\t<p>\u0442\u043e\u0447\u043d\u0456\u0441\u0442\u044c<\/p>\t\t\t\t\t\t\t\t<\/div>\n\t\t\t\t<\/div>\n\t\t\t\t<\/div>\n\t\t\t\t<\/div>\n\t\t<div class=\"elementor-element elementor-element-a2507b8 e-con-full elementor-hidden-desktop elementor-hidden-tablet e-flex e-con e-child\" data-id=\"a2507b8\" data-element_type=\"container\" data-e-type=\"container\" data-settings=\"{&quot;background_background&quot;:&quot;gradient&quot;}\">\n\t\t<div class=\"elementor-element elementor-element-239ad0f e-con-full e-flex e-con e-child\" data-id=\"239ad0f\" data-element_type=\"container\" data-e-type=\"container\" data-settings=\"{&quot;background_background&quot;:&quot;classic&quot;}\">\n\t\t<div class=\"elementor-element elementor-element-c23bca2 e-con-full e-flex e-con e-child\" data-id=\"c23bca2\" data-element_type=\"container\" data-e-type=\"container\" data-settings=\"{&quot;background_background&quot;:&quot;classic&quot;}\">\n\t\t<div class=\"elementor-element elementor-element-9133d6c e-con-full e-flex e-con e-child\" data-id=\"9133d6c\" data-element_type=\"container\" data-e-type=\"container\" data-settings=\"{&quot;background_background&quot;:&quot;classic&quot;,&quot;position&quot;:&quot;absolute&quot;}\">\n\t\t\t\t<div class=\"elementor-element elementor-element-b5a8fab elementor-widget elementor-widget-heading\" data-id=\"b5a8fab\" data-element_type=\"widget\" data-e-type=\"widget\" data-widget_type=\"heading.default\">\n\t\t\t\t\t<h2 class=\"elementor-heading-title elementor-size-default\">99%<\/h2>\t\t\t\t<\/div>\n\t\t\t\t<div class=\"elementor-element elementor-element-bf42f13 elementor-widget elementor-widget-text-editor\" data-id=\"bf42f13\" data-element_type=\"widget\" data-e-type=\"widget\" id=\"four\" data-widget_type=\"text-editor.default\">\n\t\t\t\t\t\t\t\t\t<p>\u0442\u043e\u0447\u043d\u0456\u0441\u0442\u044c<\/p>\t\t\t\t\t\t\t\t<\/div>\n\t\t\t\t<\/div>\n\t\t\t\t<\/div>\n\t\t\t\t<\/div>\n\t\t\t\t<\/div>\n\t\t<div class=\"elementor-element elementor-element-88a37d4 e-con-full elementor-hidden-desktop elementor-hidden-tablet e-flex e-con e-child\" data-id=\"88a37d4\" data-element_type=\"container\" data-e-type=\"container\">\n\t\t<div class=\"elementor-element elementor-element-5c6a7de e-con-full e-flex e-con e-child\" data-id=\"5c6a7de\" data-element_type=\"container\" data-e-type=\"container\" data-settings=\"{&quot;background_background&quot;:&quot;classic&quot;}\">\n\t\t<div class=\"elementor-element elementor-element-ac06139 e-con-full e-flex e-con e-child\" data-id=\"ac06139\" data-element_type=\"container\" data-e-type=\"container\">\n\t\t\t\t<div class=\"elementor-element elementor-element-d455140 elementor-widget elementor-widget-text-editor\" data-id=\"d455140\" data-element_type=\"widget\" data-e-type=\"widget\" id=\"four\" data-widget_type=\"text-editor.default\">\n\t\t\t\t\t\t\t\t\t<p>\u0420\u043e\u0437\u0440\u043e\u0431\u043b\u0435\u043d\u043e \u0434\u043b\u044f \u043e\u0441\u0456\u0431 \u0430\u0431\u043e \u043f\u0430\u0440, \u044f\u043a\u0456 \u043f\u043b\u0430\u043d\u0443\u044e\u0442\u044c \u0432\u0430\u0433\u0456\u0442\u043d\u0456\u0441\u0442\u044c \u0456 \u0445\u043e\u0447\u0443\u0442\u044c \u0437\u043d\u0430\u0442\u0438 \u0441\u0432\u043e\u0457 \u0433\u0435\u043d\u0435\u0442\u0438\u0447\u043d\u0456 \u0440\u0438\u0437\u0438\u043a\u0438 \u0442\u0430 \u0437\u043c\u0435\u043d\u0448\u0438\u0442\u0438 \u0439\u043c\u043e\u0432\u0456\u0440\u043d\u0456\u0441\u0442\u044c \u043f\u0435\u0440\u0435\u0434\u0430\u0447\u0456 \u0441\u043f\u0430\u0434\u043a\u043e\u0432\u0438\u0445 \u0437\u0430\u0445\u0432\u043e\u0440\u044e\u0432\u0430\u043d\u044c \u0441\u0432\u043e\u0457\u0439 \u0434\u0438\u0442\u0438\u043d\u0456; \u0434\u043b\u044f \u043b\u044e\u0434\u0435\u0439, \u044f\u043a\u0456 \u043f\u0435\u0440\u0435\u0436\u0438\u043b\u0438 \u0432\u0438\u043a\u0438\u0434\u0435\u043d\u044c; \u043b\u044e\u0434\u0435\u0439, \u044f\u043a\u0456 \u0445\u043e\u0447\u0443\u0442\u044c \u043f\u0456\u0434\u0442\u0432\u0435\u0440\u0434\u0438\u0442\u0438 \u0440\u0435\u0437\u0443\u043b\u044c\u0442\u0430\u0442\u0438 \u043f\u0440\u0435\u043d\u0430\u0442\u0430\u043b\u044c\u043d\u043e\u0433\u043e \u0441\u043a\u0440\u0438\u043d\u0456\u043d\u0433\u0443 \u0432\u0438\u0441\u043e\u043a\u043e\u0433\u043e \u0440\u0438\u0437\u0438\u043a\u0443.<br><br><strong>\u041c\u0435\u0442\u043e\u0434:<\/strong> \u0421\u0435\u043a\u0432\u0435\u043d\u0443\u0432\u0430\u043d\u043d\u044f \u043d\u0430\u0441\u0442\u0443\u043f\u043d\u043e\u0433\u043e \u043f\u043e\u043a\u043e\u043b\u0456\u043d\u043d\u044f (NGS) \u2013 \u0432\u0438\u0441\u043e\u043a\u043e\u0442\u043e\u0447\u043d\u0438\u0439 \u0430\u043d\u0430\u043b\u0456\u0437 \u0414\u041d\u041a \u0437 \u043f\u0435\u0440\u0438\u0444\u0435\u0440\u0438\u0447\u043d\u043e\u0457 \u043a\u0440\u043e\u0432\u0456.<br><br><strong>\u0412\u0430\u0440\u0456\u0430\u043d\u0442\u0438<\/strong>: \u041c\u0456\u043d\u0456-\u043f\u0430\u043d\u0435\u043b\u044c (11 \u0437\u0430\u0445\u0432\u043e\u0440\u044e\u0432\u0430\u043d\u044c) \u0426\u0456\u043b\u044c\u043e\u0432\u0430 \u043f\u0430\u043d\u0435\u043b\u044c 2.0 (172 \u0437\u0430\u0445\u0432\u043e\u0440\u044e\u0432\u0430\u043d\u043d\u044f)<br><br><strong>\u0420\u043e\u0437\u0448\u0438\u0440\u0435\u043d\u0430 \u043f\u0430\u043d\u0435\u043b\u044c<\/strong>: 1200+ (\u0431\u0456\u043b\u044c\u0448\u0435 1200 \u0437\u0430\u0445\u0432\u043e\u0440\u044e\u0432\u0430\u043d\u044c)<\/p>\t\t\t\t\t\t\t\t<\/div>\n\t\t\t\t<div class=\"elementor-element elementor-element-5e58f79 elementor-align-left elementor-align--mobilecenter elementor-widget elementor-widget-elementskit-button\" data-id=\"5e58f79\" data-element_type=\"widget\" data-e-type=\"widget\" id=\"button-md-center\" data-widget_type=\"elementskit-button.default\">\n\t\t\t\t\t<div class=\"ekit-wid-con\" >\t\t<div class=\"ekit-btn-wraper\">\n\t\t\t\t\t\t\t<a href=\"#\" class=\"elementskit-btn  whitespace--normal\" id=\"\">\n\t\t\t\t\t\u041f\u0435\u0440\u0435\u0439\u0442\u0438 \u043d\u0430 \u0441\u0442\u043e\u0440\u0456\u043d\u043a\u0443 Colotest\t\t\t\t<\/a>\n\t\t\t\t\t<\/div>\n        <\/div>\t\t\t\t<\/div>\n\t\t\t\t<\/div>\n\t\t\t\t<\/div>\n\t\t\t\t<\/div>\n\t\t\t\t\t<\/div>\n\t\t\t\t<\/div>\n\t\t<div class=\"elementor-element elementor-element-2000248 e-flex e-con-boxed e-con e-parent\" data-id=\"2000248\" data-element_type=\"container\" data-e-type=\"container\" id=\"dot\" data-settings=\"{&quot;background_background&quot;:&quot;classic&quot;}\">\n\t\t\t\t\t<div class=\"e-con-inner\">\n\t\t<div class=\"elementor-element elementor-element-3587b00 e-con-full e-flex e-con e-child\" data-id=\"3587b00\" data-element_type=\"container\" data-e-type=\"container\" data-settings=\"{&quot;background_background&quot;:&quot;gradient&quot;}\">\n\t\t<div class=\"elementor-element elementor-element-58e2a38 e-con-full e-flex e-con e-child\" data-id=\"58e2a38\" data-element_type=\"container\" data-e-type=\"container\" data-settings=\"{&quot;background_background&quot;:&quot;classic&quot;}\">\n\t\t\t\t<div class=\"elementor-element elementor-element-4de9480 elementor-widget elementor-widget-heading\" data-id=\"4de9480\" data-element_type=\"widget\" data-e-type=\"widget\" data-widget_type=\"heading.default\">\n\t\t\t\t\t<h1 class=\"elementor-heading-title elementor-size-default\">Nova<\/h1>\t\t\t\t<\/div>\n\t\t\t\t<div class=\"elementor-element elementor-element-d420ce1 elementor-icon-list--layout-traditional elementor-list-item-link-full_width elementor-widget elementor-widget-icon-list\" data-id=\"d420ce1\" data-element_type=\"widget\" data-e-type=\"widget\" data-widget_type=\"icon-list.default\">\n\t\t\t\t\t\t\t<ul class=\"elementor-icon-list-items\">\n\t\t\t\t\t\t\t<li class=\"elementor-icon-list-item\">\n\t\t\t\t\t\t\t\t\t\t\t<span class=\"elementor-icon-list-icon\">\n\t\t\t\t\t\t\t<svg aria-hidden=\"true\" class=\"e-font-icon-svg e-fas-dot-circle\" viewBox=\"0 0 512 512\" xmlns=\"http:\/\/www.w3.org\/2000\/svg\"><path d=\"M256 8C119.033 8 8 119.033 8 256s111.033 248 248 248 248-111.033 248-248S392.967 8 256 8zm80 248c0 44.112-35.888 80-80 80s-80-35.888-80-80 35.888-80 80-80 80 35.888 80 80z\"><\/path><\/svg>\t\t\t\t\t\t<\/span>\n\t\t\t\t\t\t\t\t\t\t<span class=\"elementor-icon-list-text\">\u041a\u043e\u043c\u043f\u043b\u0435\u043a\u0441\u043d\u0438\u0439 \u0433\u0435\u043d\u0435\u0442\u0438\u0447\u043d\u0438\u0439 \u0441\u043a\u0440\u0438\u043d\u0456\u043d\u0433 \u043d\u043e\u0432\u043e\u043d\u0430\u0440\u043e\u0434\u0436\u0435\u043d\u0438\u0445, \u0441\u043f\u0440\u044f\u043c\u043e\u0432\u0430\u043d\u0438\u0439 \u043d\u0430 \u0432\u0438\u044f\u0432\u043b\u0435\u043d\u043d\u044f \u0440\u0438\u0437\u0438\u043a\u0443 50 \u0441\u043f\u0430\u0434\u043a\u043e\u0432\u0438\u0445 \u0437\u0430\u0445\u0432\u043e\u0440\u044e\u0432\u0430\u043d\u044c \u0443 \u043d\u043e\u0432\u043e\u043d\u0430\u0440\u043e\u0434\u0436\u0435\u043d\u0438\u0445.<\/span>\n\t\t\t\t\t\t\t\t\t<\/li>\n\t\t\t\t\t\t\t\t<li class=\"elementor-icon-list-item\">\n\t\t\t\t\t\t\t\t\t\t\t<span class=\"elementor-icon-list-icon\">\n\t\t\t\t\t\t\t<svg aria-hidden=\"true\" class=\"e-font-icon-svg e-fas-dot-circle\" viewBox=\"0 0 512 512\" xmlns=\"http:\/\/www.w3.org\/2000\/svg\"><path d=\"M256 8C119.033 8 8 119.033 8 256s111.033 248 248 248 248-111.033 248-248S392.967 8 256 8zm80 248c0 44.112-35.888 80-80 80s-80-35.888-80-80 35.888-80 80-80 80 35.888 80 80z\"><\/path><\/svg>\t\t\t\t\t\t<\/span>\n\t\t\t\t\t\t\t\t\t\t<span class=\"elementor-icon-list-text\">\u0422\u0435\u0441\u0442 \u043f\u0456\u0434\u0445\u043e\u0434\u0438\u0442\u044c \u0434\u043b\u044f \u043d\u043e\u0432\u043e\u043d\u0430\u0440\u043e\u0434\u0436\u0435\u043d\u0438\u0445 \u0456 \u043f\u0440\u0438\u0437\u043d\u0430\u0447\u0435\u043d\u0438\u0439 \u0434\u043b\u044f \u0440\u0430\u043d\u043d\u044c\u043e\u0433\u043e \u0432\u0438\u044f\u0432\u043b\u0435\u043d\u043d\u044f \u0433\u0435\u043d\u0435\u0442\u0438\u0447\u043d\u043e\u0457 \u0441\u0445\u0438\u043b\u044c\u043d\u043e\u0441\u0442\u0456, \u044f\u043a\u0430 \u043c\u043e\u0436\u0435 \u0432\u043f\u043b\u0438\u0432\u0430\u0442\u0438 \u043d\u0430 \u0437\u0434\u043e\u0440\u043e\u0432'\u044f \u0434\u0438\u0442\u0438\u043d\u0438, \u0430 \u0442\u0430\u043a\u043e\u0436 \u043d\u0430\u0434\u0430\u0454 \u043f\u0435\u0440\u0441\u043e\u043d\u0430\u043b\u0456\u0437\u043e\u0432\u0430\u043d\u0443 \u0433\u0435\u043d\u0435\u0442\u0438\u0447\u043d\u0443 \u0456\u043d\u0444\u043e\u0440\u043c\u0430\u0446\u0456\u044e \u0434\u043b\u044f \u043f\u043e\u0434\u0430\u043b\u044c\u0448\u043e\u0433\u043e \u043f\u0440\u0438\u0439\u043d\u044f\u0442\u0442\u044f \u0440\u0456\u0448\u0435\u043d\u044c \u0449\u043e\u0434\u043e \u0437\u0434\u043e\u0440\u043e\u0432'\u044f.<\/span>\n\t\t\t\t\t\t\t\t\t<\/li>\n\t\t\t\t\t\t\t\t<li class=\"elementor-icon-list-item\">\n\t\t\t\t\t\t\t\t\t\t\t<span class=\"elementor-icon-list-icon\">\n\t\t\t\t\t\t\t<svg aria-hidden=\"true\" class=\"e-font-icon-svg e-fas-dot-circle\" viewBox=\"0 0 512 512\" xmlns=\"http:\/\/www.w3.org\/2000\/svg\"><path d=\"M256 8C119.033 8 8 119.033 8 256s111.033 248 248 248 248-111.033 248-248S392.967 8 256 8zm80 248c0 44.112-35.888 80-80 80s-80-35.888-80-80 35.888-80 80-80 80 35.888 80 80z\"><\/path><\/svg>\t\t\t\t\t\t<\/span>\n\t\t\t\t\t\t\t\t\t\t<span class=\"elementor-icon-list-text\"><strong>\u041c\u0435\u0442\u043e\u0434: <\/strong>\u0413\u0435\u043d\u0435\u0442\u0438\u0447\u043d\u0438\u0439 \u0430\u043d\u0430\u043b\u0456\u0437 \u0437 \u0432\u0438\u043a\u043e\u0440\u0438\u0441\u0442\u0430\u043d\u043d\u044f\u043c \u0441\u0435\u043a\u0432\u0435\u043d\u0443\u0432\u0430\u043d\u043d\u044f \u0442\u0430 \u0441\u043f\u0435\u0446\u0438\u0444\u0456\u0447\u043d\u0438\u0445 \u0433\u0435\u043d\u043d\u0438\u0445 \u043f\u0430\u043d\u0435\u043b\u0435\u0439 \u0432\u0456\u0434\u043f\u043e\u0432\u0456\u0434\u043d\u043e \u0434\u043e \u0441\u043f\u0435\u043a\u0442\u0440\u0443 \u0442\u0435\u0441\u0442\u043e\u0432\u0430\u043d\u0438\u0445 \u0440\u043e\u0437\u043b\u0430\u0434\u0456\u0432.<\/span>\n\t\t\t\t\t\t\t\t\t<\/li>\n\t\t\t\t\t\t<\/ul>\n\t\t\t\t\t\t<\/div>\n\t\t\t\t<\/div>\n\t\t\t\t<\/div>\n\t\t\t\t\t<\/div>\n\t\t\t\t<\/div>\n\t\t<div class=\"elementor-element elementor-element-8aaec07 e-flex e-con-boxed e-con e-parent\" data-id=\"8aaec07\" data-element_type=\"container\" data-e-type=\"container\">\n\t\t\t\t\t<div class=\"e-con-inner\">\n\t\t\t\t<div class=\"elementor-element elementor-element-30262b2 elementor-align-center elementor-widget elementor-widget-elementskit-button\" data-id=\"30262b2\" data-element_type=\"widget\" data-e-type=\"widget\" data-widget_type=\"elementskit-button.default\">\n\t\t\t\t\t<div class=\"ekit-wid-con\" >\t\t<div class=\"ekit-btn-wraper\">\n\t\t\t\t\t\t\t<a href=\"#\" class=\"elementskit-btn  whitespace--normal\" id=\"\">\n\t\t\t\t\t\u041f\u0435\u0440\u0435\u0439\u0442\u0438 \u043d\u0430 \u0441\u0442\u043e\u0440\u0456\u043d\u043a\u0443 Vista\t\t\t\t<\/a>\n\t\t\t\t\t<\/div>\n        <\/div>\t\t\t\t<\/div>\n\t\t\t\t\t<\/div>\n\t\t\t\t<\/div>\n\t\t\t\t<\/div>\n\t\t","protected":false},"excerpt":{"rendered":"<p>Vista \u041a\u043e\u043c\u043f\u043b\u0435\u043a\u0441\u043d\u0438\u0439 \u0433\u0435\u043d\u0435\u0442\u0438\u0447\u043d\u0438\u0439 \u0441\u043a\u0440\u0438\u043d\u0456\u043d\u0433, \u044f\u043a\u0438\u0439 \u0430\u043d\u0430\u043b\u0456\u0437\u0443\u0454 \u043f\u043e\u043d\u0430\u0434 10 000 \u0433\u0435\u043d\u0435\u0442\u0438\u0447\u043d\u0438\u0445 \u0432\u0430\u0440\u0456\u0430\u043d\u0442\u0456\u0432 \u0443 164 \u0433\u0435\u043d\u0430\u0445 \u0442\u0430 \u043e\u0445\u043e\u043f\u043b\u044e\u0454 \u043f\u043e\u043d\u0430\u0434 170 \u0441\u043f\u0430\u0434\u043a\u043e\u0432\u0438\u0445 \u0437\u0430\u0445\u0432\u043e\u0440\u044e\u0432\u0430\u043d\u044c \u0420\u043e\u0437\u0440\u043e\u0431\u043b\u0435\u043d\u043e \u0434\u043b\u044f \u043e\u0441\u0456\u0431 \u0430\u0431\u043e \u043f\u0430\u0440, \u044f\u043a\u0456 \u043f\u043b\u0430\u043d\u0443\u044e\u0442\u044c \u0432\u0430\u0433\u0456\u0442\u043d\u0456\u0441\u0442\u044c \u0456 \u0445\u043e\u0447\u0443\u0442\u044c \u0437\u043d\u0430\u0442\u0438 \u0441\u0432\u043e\u0457 \u0433\u0435\u043d\u0435\u0442\u0438\u0447\u043d\u0456 \u0440\u0438\u0437\u0438\u043a\u0438 \u0442\u0430 \u0437\u043c\u0435\u043d\u0448\u0438\u0442\u0438 \u0439\u043c\u043e\u0432\u0456\u0440\u043d\u0456\u0441\u0442\u044c \u043f\u0435\u0440\u0435\u0434\u0430\u0447\u0456 \u0441\u043f\u0430\u0434\u043a\u043e\u0432\u0438\u0445 \u0437\u0430\u0445\u0432\u043e\u0440\u044e\u0432\u0430\u043d\u044c \u0441\u0432\u043e\u0457\u0439 \u0434\u0438\u0442\u0438\u043d\u0456; \u0434\u043b\u044f \u043b\u044e\u0434\u0435\u0439, \u044f\u043a\u0456 \u043f\u0435\u0440\u0435\u0436\u0438\u043b\u0438 \u0432\u0438\u043a\u0438\u0434\u0435\u043d\u044c; \u043b\u044e\u0434\u0435\u0439, \u044f\u043a\u0456 \u0445\u043e\u0447\u0443\u0442\u044c \u043f\u0456\u0434\u0442\u0432\u0435\u0440\u0434\u0438\u0442\u0438 \u0440\u0435\u0437\u0443\u043b\u044c\u0442\u0430\u0442\u0438 \u043f\u0440\u0435\u043d\u0430\u0442\u0430\u043b\u044c\u043d\u043e\u0433\u043e \u0441\u043a\u0440\u0438\u043d\u0456\u043d\u0433\u0443 \u0432\u0438\u0441\u043e\u043a\u043e\u0433\u043e [&hellip;]<\/p>\n","protected":false},"author":1,"featured_media":0,"parent":0,"menu_order":0,"comment_status":"closed","ping_status":"closed","template":"","meta":{"_acf_changed":false,"footnotes":""},"class_list":["post-4327","page","type-page","status-publish","hentry"],"acf":{"email":"info@zentya.sk","tel":"+421 915 842 336"},"_links":{"self":[{"href":"https:\/\/zentya.farenby.sk\/uk\/wp-json\/wp\/v2\/pages\/4327","targetHints":{"allow":["GET"]}}],"collection":[{"href":"https:\/\/zentya.farenby.sk\/uk\/wp-json\/wp\/v2\/pages"}],"about":[{"href":"https:\/\/zentya.farenby.sk\/uk\/wp-json\/wp\/v2\/types\/page"}],"author":[{"embeddable":true,"href":"https:\/\/zentya.farenby.sk\/uk\/wp-json\/wp\/v2\/users\/1"}],"replies":[{"embeddable":true,"href":"https:\/\/zentya.farenby.sk\/uk\/wp-json\/wp\/v2\/comments?post=4327"}],"version-history":[{"count":3,"href":"https:\/\/zentya.farenby.sk\/uk\/wp-json\/wp\/v2\/pages\/4327\/revisions"}],"predecessor-version":[{"id":4828,"href":"https:\/\/zentya.farenby.sk\/uk\/wp-json\/wp\/v2\/pages\/4327\/revisions\/4828"}],"wp:attachment":[{"href":"https:\/\/zentya.farenby.sk\/uk\/wp-json\/wp\/v2\/media?parent=4327"}],"curies":[{"name":"wp","href":"https:\/\/api.w.org\/{rel}","templated":true}]}}