{"id":4288,"date":"2026-03-19T12:42:29","date_gmt":"2026-03-19T11:42:29","guid":{"rendered":"https:\/\/zentya.farenby.sk\/vista\/"},"modified":"2026-03-31T11:25:42","modified_gmt":"2026-03-31T09:25:42","slug":"vista","status":"publish","type":"page","link":"https:\/\/zentya.farenby.sk\/hu\/vista\/","title":{"rendered":"Vista"},"content":{"rendered":"\t\t<div data-elementor-type=\"wp-post\" data-elementor-id=\"4288\" class=\"elementor elementor-4288 elementor-2409\" data-elementor-post-type=\"page\">\n\t\t\t\t<div class=\"elementor-element elementor-element-7c8b388 e-flex e-con-boxed e-con e-parent\" data-id=\"7c8b388\" data-element_type=\"container\" data-e-type=\"container\" data-settings=\"{&quot;background_background&quot;:&quot;classic&quot;}\">\n\t\t\t\t\t<div class=\"e-con-inner\">\n\t\t<div class=\"elementor-element elementor-element-8472fb2 e-con-full e-flex e-con e-child\" data-id=\"8472fb2\" data-element_type=\"container\" data-e-type=\"container\" id=\"four\" data-settings=\"{&quot;background_background&quot;:&quot;classic&quot;}\">\n\t\t<div class=\"elementor-element elementor-element-1f8f896 e-con-full e-flex e-con e-child\" data-id=\"1f8f896\" data-element_type=\"container\" data-e-type=\"container\" data-settings=\"{&quot;background_background&quot;:&quot;classic&quot;}\">\n\t\t<div class=\"elementor-element elementor-element-53c1fc0 e-con-full e-flex e-con e-child\" data-id=\"53c1fc0\" data-element_type=\"container\" data-e-type=\"container\">\n\t\t\t\t<div class=\"elementor-element elementor-element-8f2c35a elementor-widget elementor-widget-heading\" data-id=\"8f2c35a\" data-element_type=\"widget\" data-e-type=\"widget\" data-widget_type=\"heading.default\">\n\t\t\t\t\t<h1 class=\"elementor-heading-title elementor-size-default\">Vista<\/h1>\t\t\t\t<\/div>\n\t\t\t\t<div class=\"elementor-element elementor-element-9e6bef4 elementor-widget__width-inherit elementor-widget elementor-widget-text-editor\" data-id=\"9e6bef4\" data-element_type=\"widget\" data-e-type=\"widget\" data-widget_type=\"text-editor.default\">\n\t\t\t\t\t\t\t\t\t<p style=\"text-align: left;\">\u00c1tfog\u00f3 genetikai sz\u0171r\u00e9s, amely t\u00f6bb mint 10 000 genetikai vari\u00e1nst elemez 164 g\u00e9nben, \u00e9s t\u00f6bb mint 170 \u00f6r\u00f6kletes betegs\u00e9get fed le<\/p>\t\t\t\t\t\t\t\t<\/div>\n\t\t\t\t<div class=\"elementor-element elementor-element-ab13755 elementor-hidden-mobile elementor-widget elementor-widget-text-editor\" data-id=\"ab13755\" data-element_type=\"widget\" data-e-type=\"widget\" data-widget_type=\"text-editor.default\">\n\t\t\t\t\t\t\t\t\t<p>Olyan egy\u00e9nek vagy p\u00e1rok sz\u00e1m\u00e1ra k\u00e9sz\u00fclt, akik terhess\u00e9get terveznek, \u00e9s szeretn\u00e9k megismerni genetikai kock\u00e1zataikat, \u00e9s cs\u00f6kkenteni az \u00f6r\u00f6kletes betegs\u00e9gek gyermek\u00fckre val\u00f3 \u00e1tad\u00e1s\u00e1nak val\u00f3sz\u00edn\u0171s\u00e9g\u00e9t; olyanok sz\u00e1m\u00e1ra, akik vet\u00e9l\u00e9st tapasztaltak; \u00e9s olyanok sz\u00e1m\u00e1ra, akik meg akarj\u00e1k er\u0151s\u00edteni a magas kock\u00e1zat\u00fa prenat\u00e1lis sz\u0171r\u00e9s eredm\u00e9nyeit.<\/p>\t\t\t\t\t\t\t\t<\/div>\n\t\t\t\t<div class=\"elementor-element elementor-element-480060f elementor-hidden-mobile elementor-widget elementor-widget-text-editor\" data-id=\"480060f\" data-element_type=\"widget\" data-e-type=\"widget\" data-widget_type=\"text-editor.default\">\n\t\t\t\t\t\t\t\t\t<p><strong>M\u00f3dszer<\/strong>: K\u00f6vetkez\u0151 gener\u00e1ci\u00f3s szekven\u00e1l\u00e1s (NGS) \u2013 perif\u00e9ri\u00e1s v\u00e9rb\u0151l sz\u00e1rmaz\u00f3 DNS nagy pontoss\u00e1g\u00fa elemz\u00e9se.<\/p>\t\t\t\t\t\t\t\t<\/div>\n\t\t\t\t<div class=\"elementor-element elementor-element-7cb63fe elementor-hidden-mobile elementor-widget elementor-widget-text-editor\" data-id=\"7cb63fe\" data-element_type=\"widget\" data-e-type=\"widget\" data-widget_type=\"text-editor.default\">\n\t\t\t\t\t\t\t\t\t<p><strong>Opci\u00f3k<\/strong>: Mini Panel (11 betegs\u00e9g) C\u00e9lzott Panel 2.0 (172 betegs\u00e9g)<\/p>\t\t\t\t\t\t\t\t<\/div>\n\t\t\t\t<div class=\"elementor-element elementor-element-b052a9d elementor-hidden-mobile elementor-widget elementor-widget-text-editor\" data-id=\"b052a9d\" data-element_type=\"widget\" data-e-type=\"widget\" data-widget_type=\"text-editor.default\">\n\t\t\t\t\t\t\t\t\t<p><strong>B\u0151v\u00edtett panel:<\/strong> 1200+ (t\u00f6bb mint 1200 betegs\u00e9g)<\/p>\t\t\t\t\t\t\t\t<\/div>\n\t\t\t\t<div class=\"elementor-element elementor-element-dc58fd9 elementor-align-left elementor-hidden-mobile elementor-widget elementor-widget-elementskit-button\" data-id=\"dc58fd9\" data-element_type=\"widget\" data-e-type=\"widget\" id=\"button-md-left\" data-widget_type=\"elementskit-button.default\">\n\t\t\t\t\t<div class=\"ekit-wid-con\" >\t\t<div class=\"ekit-btn-wraper\">\n\t\t\t\t\t\t\t<a href=\"#\" class=\"elementskit-btn  whitespace--normal\" id=\"\">\n\t\t\t\t\tUgr\u00e1s a Vista oldalra\t\t\t\t<\/a>\n\t\t\t\t\t<\/div>\n        <\/div>\t\t\t\t<\/div>\n\t\t\t\t<\/div>\n\t\t<div class=\"elementor-element elementor-element-df33f90 e-con-full elementor-hidden-mobile e-flex e-con e-child\" data-id=\"df33f90\" data-element_type=\"container\" data-e-type=\"container\" data-settings=\"{&quot;background_background&quot;:&quot;classic&quot;,&quot;position&quot;:&quot;absolute&quot;}\">\n\t\t\t\t<div class=\"elementor-element elementor-element-c38946d elementor-widget elementor-widget-heading\" data-id=\"c38946d\" data-element_type=\"widget\" data-e-type=\"widget\" data-widget_type=\"heading.default\">\n\t\t\t\t\t<h2 class=\"elementor-heading-title elementor-size-default\">99%<\/h2>\t\t\t\t<\/div>\n\t\t\t\t<div class=\"elementor-element elementor-element-bb0d49d elementor-widget elementor-widget-text-editor\" data-id=\"bb0d49d\" data-element_type=\"widget\" data-e-type=\"widget\" data-widget_type=\"text-editor.default\">\n\t\t\t\t\t\t\t\t\t<p>pontoss\u00e1g<\/p>\t\t\t\t\t\t\t\t<\/div>\n\t\t\t\t<\/div>\n\t\t\t\t<\/div>\n\t\t\t\t<\/div>\n\t\t<div class=\"elementor-element elementor-element-a2507b8 e-con-full elementor-hidden-desktop elementor-hidden-tablet e-flex e-con e-child\" data-id=\"a2507b8\" data-element_type=\"container\" data-e-type=\"container\" data-settings=\"{&quot;background_background&quot;:&quot;gradient&quot;}\">\n\t\t<div class=\"elementor-element elementor-element-239ad0f e-con-full e-flex e-con e-child\" data-id=\"239ad0f\" data-element_type=\"container\" data-e-type=\"container\" data-settings=\"{&quot;background_background&quot;:&quot;classic&quot;}\">\n\t\t<div class=\"elementor-element elementor-element-c23bca2 e-con-full e-flex e-con e-child\" data-id=\"c23bca2\" data-element_type=\"container\" data-e-type=\"container\" data-settings=\"{&quot;background_background&quot;:&quot;classic&quot;}\">\n\t\t<div class=\"elementor-element elementor-element-9133d6c e-con-full e-flex e-con e-child\" data-id=\"9133d6c\" data-element_type=\"container\" data-e-type=\"container\" data-settings=\"{&quot;background_background&quot;:&quot;classic&quot;,&quot;position&quot;:&quot;absolute&quot;}\">\n\t\t\t\t<div class=\"elementor-element elementor-element-b5a8fab elementor-widget elementor-widget-heading\" data-id=\"b5a8fab\" data-element_type=\"widget\" data-e-type=\"widget\" data-widget_type=\"heading.default\">\n\t\t\t\t\t<h2 class=\"elementor-heading-title elementor-size-default\">99%<\/h2>\t\t\t\t<\/div>\n\t\t\t\t<div class=\"elementor-element elementor-element-bf42f13 elementor-widget elementor-widget-text-editor\" data-id=\"bf42f13\" data-element_type=\"widget\" data-e-type=\"widget\" id=\"four\" data-widget_type=\"text-editor.default\">\n\t\t\t\t\t\t\t\t\t<p>pontoss\u00e1g<\/p>\t\t\t\t\t\t\t\t<\/div>\n\t\t\t\t<\/div>\n\t\t\t\t<\/div>\n\t\t\t\t<\/div>\n\t\t\t\t<\/div>\n\t\t<div class=\"elementor-element elementor-element-88a37d4 e-con-full elementor-hidden-desktop elementor-hidden-tablet e-flex e-con e-child\" data-id=\"88a37d4\" data-element_type=\"container\" data-e-type=\"container\">\n\t\t<div class=\"elementor-element elementor-element-5c6a7de e-con-full e-flex e-con e-child\" data-id=\"5c6a7de\" data-element_type=\"container\" data-e-type=\"container\" data-settings=\"{&quot;background_background&quot;:&quot;classic&quot;}\">\n\t\t<div class=\"elementor-element elementor-element-ac06139 e-con-full e-flex e-con e-child\" data-id=\"ac06139\" data-element_type=\"container\" data-e-type=\"container\">\n\t\t\t\t<div class=\"elementor-element elementor-element-d455140 elementor-widget elementor-widget-text-editor\" data-id=\"d455140\" data-element_type=\"widget\" data-e-type=\"widget\" id=\"four\" data-widget_type=\"text-editor.default\">\n\t\t\t\t\t\t\t\t\t<p>Olyan egy\u00e9nek vagy p\u00e1rok sz\u00e1m\u00e1ra k\u00e9sz\u00fclt, akik terhess\u00e9get terveznek, \u00e9s szeretn\u00e9k megismerni genetikai kock\u00e1zataikat, \u00e9s cs\u00f6kkenteni az \u00f6r\u00f6kletes betegs\u00e9gek gyermek\u00fckre val\u00f3 \u00e1tad\u00e1s\u00e1nak val\u00f3sz\u00edn\u0171s\u00e9g\u00e9t; olyanok sz\u00e1m\u00e1ra, akik vet\u00e9l\u00e9st tapasztaltak; \u00e9s olyanok sz\u00e1m\u00e1ra, akik meg akarj\u00e1k er\u0151s\u00edteni a magas kock\u00e1zat\u00fa prenat\u00e1lis sz\u0171r\u00e9s eredm\u00e9nyeit.<br><br><strong>M\u00f3dszer<\/strong>: K\u00f6vetkez\u0151 gener\u00e1ci\u00f3s szekven\u00e1l\u00e1s (NGS) \u2013 perif\u00e9ri\u00e1s v\u00e9rb\u0151l sz\u00e1rmaz\u00f3 DNS nagy pontoss\u00e1g\u00fa elemz\u00e9se.<br><br><strong>Opci\u00f3k<\/strong>: Mini Panel (11 betegs\u00e9g) C\u00e9lzott Panel 2.0 (172 betegs\u00e9g)<br><br><strong>B\u0151v\u00edtett panel: <\/strong>1200+ (t\u00f6bb mint 1200 betegs\u00e9g)<\/p>\t\t\t\t\t\t\t\t<\/div>\n\t\t\t\t<div class=\"elementor-element elementor-element-5e58f79 elementor-align-left elementor-align--mobilecenter elementor-widget elementor-widget-elementskit-button\" data-id=\"5e58f79\" data-element_type=\"widget\" data-e-type=\"widget\" id=\"button-md-center\" data-widget_type=\"elementskit-button.default\">\n\t\t\t\t\t<div class=\"ekit-wid-con\" >\t\t<div class=\"ekit-btn-wraper\">\n\t\t\t\t\t\t\t<a href=\"#\" class=\"elementskit-btn  whitespace--normal\" id=\"\">\n\t\t\t\t\tL\u00e1togasson el a Colotest oldalra\t\t\t\t<\/a>\n\t\t\t\t\t<\/div>\n        <\/div>\t\t\t\t<\/div>\n\t\t\t\t<\/div>\n\t\t\t\t<\/div>\n\t\t\t\t<\/div>\n\t\t\t\t\t<\/div>\n\t\t\t\t<\/div>\n\t\t<div class=\"elementor-element elementor-element-2000248 e-flex e-con-boxed e-con e-parent\" data-id=\"2000248\" data-element_type=\"container\" data-e-type=\"container\" id=\"dot\" data-settings=\"{&quot;background_background&quot;:&quot;classic&quot;}\">\n\t\t\t\t\t<div class=\"e-con-inner\">\n\t\t<div class=\"elementor-element elementor-element-3587b00 e-con-full e-flex e-con e-child\" data-id=\"3587b00\" data-element_type=\"container\" data-e-type=\"container\" data-settings=\"{&quot;background_background&quot;:&quot;gradient&quot;}\">\n\t\t<div class=\"elementor-element elementor-element-58e2a38 e-con-full e-flex e-con e-child\" data-id=\"58e2a38\" data-element_type=\"container\" data-e-type=\"container\" data-settings=\"{&quot;background_background&quot;:&quot;classic&quot;}\">\n\t\t\t\t<div class=\"elementor-element elementor-element-4de9480 elementor-widget elementor-widget-heading\" data-id=\"4de9480\" data-element_type=\"widget\" data-e-type=\"widget\" data-widget_type=\"heading.default\">\n\t\t\t\t\t<h1 class=\"elementor-heading-title elementor-size-default\">Nova<\/h1>\t\t\t\t<\/div>\n\t\t\t\t<div class=\"elementor-element elementor-element-d420ce1 elementor-icon-list--layout-traditional elementor-list-item-link-full_width elementor-widget elementor-widget-icon-list\" data-id=\"d420ce1\" data-element_type=\"widget\" data-e-type=\"widget\" data-widget_type=\"icon-list.default\">\n\t\t\t\t\t\t\t<ul class=\"elementor-icon-list-items\">\n\t\t\t\t\t\t\t<li class=\"elementor-icon-list-item\">\n\t\t\t\t\t\t\t\t\t\t\t<span class=\"elementor-icon-list-icon\">\n\t\t\t\t\t\t\t<svg aria-hidden=\"true\" class=\"e-font-icon-svg e-fas-dot-circle\" viewBox=\"0 0 512 512\" xmlns=\"http:\/\/www.w3.org\/2000\/svg\"><path d=\"M256 8C119.033 8 8 119.033 8 256s111.033 248 248 248 248-111.033 248-248S392.967 8 256 8zm80 248c0 44.112-35.888 80-80 80s-80-35.888-80-80 35.888-80 80-80 80 35.888 80 80z\"><\/path><\/svg>\t\t\t\t\t\t<\/span>\n\t\t\t\t\t\t\t\t\t\t<span class=\"elementor-icon-list-text\">\u00c1tfog\u00f3 \u00fajsz\u00fcl\u00f6ttkori genetikai sz\u0171r\u00e9s, amelynek c\u00e9lja 50 \u00f6r\u00f6kletes rendelleness\u00e9g kock\u00e1zat\u00e1nak azonos\u00edt\u00e1sa \u00fajsz\u00fcl\u00f6ttekn\u00e9l.<\/span>\n\t\t\t\t\t\t\t\t\t<\/li>\n\t\t\t\t\t\t\t\t<li class=\"elementor-icon-list-item\">\n\t\t\t\t\t\t\t\t\t\t\t<span class=\"elementor-icon-list-icon\">\n\t\t\t\t\t\t\t<svg aria-hidden=\"true\" class=\"e-font-icon-svg e-fas-dot-circle\" viewBox=\"0 0 512 512\" xmlns=\"http:\/\/www.w3.org\/2000\/svg\"><path d=\"M256 8C119.033 8 8 119.033 8 256s111.033 248 248 248 248-111.033 248-248S392.967 8 256 8zm80 248c0 44.112-35.888 80-80 80s-80-35.888-80-80 35.888-80 80-80 80 35.888 80 80z\"><\/path><\/svg>\t\t\t\t\t\t<\/span>\n\t\t\t\t\t\t\t\t\t\t<span class=\"elementor-icon-list-text\">A teszt \u00fajsz\u00fcl\u00f6ttek sz\u00e1m\u00e1ra alkalmas, \u00e9s a gyermek eg\u00e9szs\u00e9g\u00e9t befoly\u00e1sol\u00f3 genetikai hajlamok korai felismer\u00e9s\u00e9re szolg\u00e1l, mik\u00f6zben szem\u00e9lyre szabott genetikai inform\u00e1ci\u00f3kat is ny\u00fajt a tov\u00e1bbi eg\u00e9szs\u00e9g\u00fcgyi d\u00f6nt\u00e9shozatalhoz.<\/span>\n\t\t\t\t\t\t\t\t\t<\/li>\n\t\t\t\t\t\t\t\t<li class=\"elementor-icon-list-item\">\n\t\t\t\t\t\t\t\t\t\t\t<span class=\"elementor-icon-list-icon\">\n\t\t\t\t\t\t\t<svg aria-hidden=\"true\" class=\"e-font-icon-svg e-fas-dot-circle\" viewBox=\"0 0 512 512\" xmlns=\"http:\/\/www.w3.org\/2000\/svg\"><path d=\"M256 8C119.033 8 8 119.033 8 256s111.033 248 248 248 248-111.033 248-248S392.967 8 256 8zm80 248c0 44.112-35.888 80-80 80s-80-35.888-80-80 35.888-80 80-80 80 35.888 80 80z\"><\/path><\/svg>\t\t\t\t\t\t<\/span>\n\t\t\t\t\t\t\t\t\t\t<span class=\"elementor-icon-list-text\"><strong>M\u00f3dszer<\/strong>: Genetikai elemz\u00e9s szekven\u00e1l\u00e1s \u00e9s a vizsg\u00e1lt rendelleness\u00e9gek k\u00f6r\u00e9nek megfelel\u0151 specifikus g\u00e9npanelek seg\u00edts\u00e9g\u00e9vel.<\/span>\n\t\t\t\t\t\t\t\t\t<\/li>\n\t\t\t\t\t\t<\/ul>\n\t\t\t\t\t\t<\/div>\n\t\t\t\t<\/div>\n\t\t\t\t<\/div>\n\t\t\t\t\t<\/div>\n\t\t\t\t<\/div>\n\t\t<div class=\"elementor-element elementor-element-8aaec07 e-flex e-con-boxed e-con e-parent\" data-id=\"8aaec07\" data-element_type=\"container\" data-e-type=\"container\">\n\t\t\t\t\t<div class=\"e-con-inner\">\n\t\t\t\t<div class=\"elementor-element elementor-element-30262b2 elementor-align-center elementor-widget elementor-widget-elementskit-button\" data-id=\"30262b2\" data-element_type=\"widget\" data-e-type=\"widget\" data-widget_type=\"elementskit-button.default\">\n\t\t\t\t\t<div class=\"ekit-wid-con\" >\t\t<div class=\"ekit-btn-wraper\">\n\t\t\t\t\t\t\t<a href=\"#\" class=\"elementskit-btn  whitespace--normal\" id=\"\">\n\t\t\t\t\tUgr\u00e1s a Vista oldalra\t\t\t\t<\/a>\n\t\t\t\t\t<\/div>\n        <\/div>\t\t\t\t<\/div>\n\t\t\t\t\t<\/div>\n\t\t\t\t<\/div>\n\t\t\t\t<\/div>\n\t\t","protected":false},"excerpt":{"rendered":"<p>Vista \u00c1tfog\u00f3 genetikai sz\u0171r\u00e9s, amely t\u00f6bb mint 10 000 genetikai vari\u00e1nst elemez 164 g\u00e9nben, \u00e9s t\u00f6bb mint 170 \u00f6r\u00f6kletes betegs\u00e9get fed le Olyan egy\u00e9nek vagy p\u00e1rok sz\u00e1m\u00e1ra k\u00e9sz\u00fclt, akik terhess\u00e9get terveznek, \u00e9s szeretn\u00e9k megismerni genetikai kock\u00e1zataikat, \u00e9s cs\u00f6kkenteni az \u00f6r\u00f6kletes betegs\u00e9gek gyermek\u00fckre val\u00f3 \u00e1tad\u00e1s\u00e1nak val\u00f3sz\u00edn\u0171s\u00e9g\u00e9t; olyanok sz\u00e1m\u00e1ra, akik vet\u00e9l\u00e9st tapasztaltak; \u00e9s olyanok sz\u00e1m\u00e1ra, akik meg [&hellip;]<\/p>\n","protected":false},"author":1,"featured_media":0,"parent":0,"menu_order":0,"comment_status":"closed","ping_status":"closed","template":"","meta":{"_acf_changed":false,"footnotes":""},"class_list":["post-4288","page","type-page","status-publish","hentry"],"acf":{"email":"info@zentya.sk","tel":"+421 915 842 336"},"_links":{"self":[{"href":"https:\/\/zentya.farenby.sk\/hu\/wp-json\/wp\/v2\/pages\/4288","targetHints":{"allow":["GET"]}}],"collection":[{"href":"https:\/\/zentya.farenby.sk\/hu\/wp-json\/wp\/v2\/pages"}],"about":[{"href":"https:\/\/zentya.farenby.sk\/hu\/wp-json\/wp\/v2\/types\/page"}],"author":[{"embeddable":true,"href":"https:\/\/zentya.farenby.sk\/hu\/wp-json\/wp\/v2\/users\/1"}],"replies":[{"embeddable":true,"href":"https:\/\/zentya.farenby.sk\/hu\/wp-json\/wp\/v2\/comments?post=4288"}],"version-history":[{"count":6,"href":"https:\/\/zentya.farenby.sk\/hu\/wp-json\/wp\/v2\/pages\/4288\/revisions"}],"predecessor-version":[{"id":5144,"href":"https:\/\/zentya.farenby.sk\/hu\/wp-json\/wp\/v2\/pages\/4288\/revisions\/5144"}],"wp:attachment":[{"href":"https:\/\/zentya.farenby.sk\/hu\/wp-json\/wp\/v2\/media?parent=4288"}],"curies":[{"name":"wp","href":"https:\/\/api.w.org\/{rel}","templated":true}]}}