{"id":4283,"date":"2026-03-19T11:48:53","date_gmt":"2026-03-19T10:48:53","guid":{"rendered":"https:\/\/zentya.farenby.sk\/sentis\/"},"modified":"2026-03-27T10:33:25","modified_gmt":"2026-03-27T09:33:25","slug":"sentis","status":"publish","type":"page","link":"https:\/\/zentya.farenby.sk\/hu\/sentis\/","title":{"rendered":"Sentis"},"content":{"rendered":"\t\t<div data-elementor-type=\"wp-post\" data-elementor-id=\"4283\" class=\"elementor elementor-4283 elementor-2347\" data-elementor-post-type=\"page\">\n\t\t\t\t<div class=\"elementor-element elementor-element-7c8b388 e-flex e-con-boxed e-con e-parent\" data-id=\"7c8b388\" data-element_type=\"container\" data-e-type=\"container\" id=\"sentis\" data-settings=\"{&quot;background_background&quot;:&quot;classic&quot;}\">\n\t\t\t\t\t<div class=\"e-con-inner\">\n\t\t<div class=\"elementor-element elementor-element-8472fb2 e-con-full e-flex e-con e-child\" data-id=\"8472fb2\" data-element_type=\"container\" data-e-type=\"container\" id=\"four\" data-settings=\"{&quot;background_background&quot;:&quot;classic&quot;}\">\n\t\t<div class=\"elementor-element elementor-element-1f8f896 e-con-full e-flex e-con e-child\" data-id=\"1f8f896\" data-element_type=\"container\" data-e-type=\"container\" data-settings=\"{&quot;background_background&quot;:&quot;classic&quot;}\">\n\t\t<div class=\"elementor-element elementor-element-53c1fc0 e-con-full e-flex e-con e-child\" data-id=\"53c1fc0\" data-element_type=\"container\" data-e-type=\"container\">\n\t\t\t\t<div class=\"elementor-element elementor-element-8f2c35a elementor-widget elementor-widget-heading\" data-id=\"8f2c35a\" data-element_type=\"widget\" data-e-type=\"widget\" data-widget_type=\"heading.default\">\n\t\t\t\t\t<h1 class=\"elementor-heading-title elementor-size-default\">Sentis<\/h1>\t\t\t\t<\/div>\n\t\t\t\t<div class=\"elementor-element elementor-element-9e6bef4 elementor-widget__width-inherit elementor-widget elementor-widget-text-editor\" data-id=\"9e6bef4\" data-element_type=\"widget\" data-e-type=\"widget\" data-widget_type=\"text-editor.default\">\n\t\t\t\t\t\t\t\t\t<p style=\"text-align: left;\">Genetikai sz\u0171r\u0151vizsg\u00e1latok, amelyek c\u00e9lja az \u00f6r\u00f6kletes r\u00e1kos megbeteged\u00e9sek, k\u00f6zt\u00fck a leggyakoribb r\u00e1kt\u00edpusok \u00f6r\u00f6kletes kock\u00e1zat\u00e1nak felm\u00e9r\u00e9se<\/p>\t\t\t\t\t\t\t\t<\/div>\n\t\t\t\t<div class=\"elementor-element elementor-element-ab13755 elementor-hidden-mobile elementor-widget elementor-widget-text-editor\" data-id=\"ab13755\" data-element_type=\"widget\" data-e-type=\"widget\" data-widget_type=\"text-editor.default\">\n\t\t\t\t\t\t\t\t\t<p>A teszt inform\u00e1ci\u00f3t ny\u00fajt a betegek \u00e9s az eg\u00e9szs\u00e9g\u00fcgyi szakemberek sz\u00e1m\u00e1ra a r\u00e1kra val\u00f3 genetikai hajlamr\u00f3l, amely felhaszn\u00e1lhat\u00f3 a megel\u0151z\u00e9sre \u00e9s a szem\u00e9lyre szabott ter\u00e1pi\u00e1ra.<\/p>\t\t\t\t\t\t\t\t<\/div>\n\t\t\t\t<div class=\"elementor-element elementor-element-a51dd35 elementor-hidden-mobile elementor-widget elementor-widget-text-editor\" data-id=\"a51dd35\" data-element_type=\"widget\" data-e-type=\"widget\" data-widget_type=\"text-editor.default\">\n\t\t\t\t\t\t\t\t\t<p>A teszt feln\u0151ttek sz\u00e1m\u00e1ra alkalmas, k\u00fcl\u00f6n\u00f6sen azok sz\u00e1m\u00e1ra, akiknek szem\u00e9lyes vagy csal\u00e1di k\u00f3rt\u00f6rt\u00e9net\u00e9ben szerepel r\u00e1kos megbeteged\u00e9s, vagy akiket \u00e9rdekel a genetikai megel\u0151z\u00e9s.<\/p>\t\t\t\t\t\t\t\t<\/div>\n\t\t\t\t<div class=\"elementor-element elementor-element-0a62d42 elementor-hidden-mobile elementor-widget elementor-widget-text-editor\" data-id=\"0a62d42\" data-element_type=\"widget\" data-e-type=\"widget\" data-widget_type=\"text-editor.default\">\n\t\t\t\t\t\t\t\t\t<p>A teszt feln\u0151ttek sz\u00e1m\u00e1ra alkalmas, k\u00fcl\u00f6n\u00f6sen azok sz\u00e1m\u00e1ra, akiknek szem\u00e9lyes vagy csal\u00e1di k\u00f3rt\u00f6rt\u00e9net\u00e9ben szerepel r\u00e1kos megbeteged\u00e9s, vagy akiket \u00e9rdekel a genetikai megel\u0151z\u00e9s.<\/p>\t\t\t\t\t\t\t\t<\/div>\n\t\t\t\t<div class=\"elementor-element elementor-element-dc58fd9 elementor-align-left elementor-hidden-mobile elementor-widget elementor-widget-elementskit-button\" data-id=\"dc58fd9\" data-element_type=\"widget\" data-e-type=\"widget\" id=\"button-md-left\" data-widget_type=\"elementskit-button.default\">\n\t\t\t\t\t<div class=\"ekit-wid-con\" >\t\t<div class=\"ekit-btn-wraper\">\n\t\t\t\t\t\t\t<a href=\"#\" class=\"elementskit-btn  whitespace--normal\" id=\"\">\n\t\t\t\t\tMenj a Sentis oldal\u00e1ra\t\t\t\t<\/a>\n\t\t\t\t\t<\/div>\n        <\/div>\t\t\t\t<\/div>\n\t\t\t\t<\/div>\n\t\t<div class=\"elementor-element elementor-element-df33f90 e-con-full elementor-hidden-mobile e-flex e-con e-child\" data-id=\"df33f90\" data-element_type=\"container\" data-e-type=\"container\" data-settings=\"{&quot;background_background&quot;:&quot;classic&quot;,&quot;position&quot;:&quot;absolute&quot;}\">\n\t\t\t\t<div class=\"elementor-element elementor-element-c38946d elementor-widget elementor-widget-heading\" data-id=\"c38946d\" data-element_type=\"widget\" data-e-type=\"widget\" data-widget_type=\"heading.default\">\n\t\t\t\t\t<h2 class=\"elementor-heading-title elementor-size-default\">99%<\/h2>\t\t\t\t<\/div>\n\t\t\t\t<div class=\"elementor-element elementor-element-bb0d49d elementor-widget elementor-widget-text-editor\" data-id=\"bb0d49d\" data-element_type=\"widget\" data-e-type=\"widget\" data-widget_type=\"text-editor.default\">\n\t\t\t\t\t\t\t\t\t<p>pontoss\u00e1g<\/p>\t\t\t\t\t\t\t\t<\/div>\n\t\t\t\t<\/div>\n\t\t\t\t<\/div>\n\t\t\t\t<\/div>\n\t\t<div class=\"elementor-element elementor-element-a2507b8 e-con-full elementor-hidden-desktop elementor-hidden-tablet e-flex e-con e-child\" data-id=\"a2507b8\" data-element_type=\"container\" data-e-type=\"container\" data-settings=\"{&quot;background_background&quot;:&quot;gradient&quot;}\">\n\t\t<div class=\"elementor-element elementor-element-239ad0f e-con-full e-flex e-con e-child\" data-id=\"239ad0f\" data-element_type=\"container\" data-e-type=\"container\" data-settings=\"{&quot;background_background&quot;:&quot;classic&quot;}\">\n\t\t<div class=\"elementor-element elementor-element-c23bca2 e-con-full e-flex e-con e-child\" data-id=\"c23bca2\" data-element_type=\"container\" data-e-type=\"container\" data-settings=\"{&quot;background_background&quot;:&quot;classic&quot;}\">\n\t\t<div class=\"elementor-element elementor-element-9133d6c e-con-full e-flex e-con e-child\" data-id=\"9133d6c\" data-element_type=\"container\" data-e-type=\"container\" data-settings=\"{&quot;background_background&quot;:&quot;classic&quot;,&quot;position&quot;:&quot;absolute&quot;}\">\n\t\t\t\t<div class=\"elementor-element elementor-element-b5a8fab elementor-widget elementor-widget-heading\" data-id=\"b5a8fab\" data-element_type=\"widget\" data-e-type=\"widget\" data-widget_type=\"heading.default\">\n\t\t\t\t\t<h2 class=\"elementor-heading-title elementor-size-default\">99%<\/h2>\t\t\t\t<\/div>\n\t\t\t\t<div class=\"elementor-element elementor-element-bf42f13 elementor-widget elementor-widget-text-editor\" data-id=\"bf42f13\" data-element_type=\"widget\" data-e-type=\"widget\" id=\"four\" data-widget_type=\"text-editor.default\">\n\t\t\t\t\t\t\t\t\t<p>pontoss\u00e1g<\/p>\t\t\t\t\t\t\t\t<\/div>\n\t\t\t\t<\/div>\n\t\t\t\t<\/div>\n\t\t\t\t<\/div>\n\t\t\t\t<\/div>\n\t\t<div class=\"elementor-element elementor-element-88a37d4 e-con-full elementor-hidden-desktop elementor-hidden-tablet e-flex e-con e-child\" data-id=\"88a37d4\" data-element_type=\"container\" data-e-type=\"container\">\n\t\t<div class=\"elementor-element elementor-element-5c6a7de e-con-full e-flex e-con e-child\" data-id=\"5c6a7de\" data-element_type=\"container\" data-e-type=\"container\" data-settings=\"{&quot;background_background&quot;:&quot;classic&quot;}\">\n\t\t<div class=\"elementor-element elementor-element-ac06139 e-con-full e-flex e-con e-child\" data-id=\"ac06139\" data-element_type=\"container\" data-e-type=\"container\">\n\t\t\t\t<div class=\"elementor-element elementor-element-d455140 elementor-widget elementor-widget-text-editor\" data-id=\"d455140\" data-element_type=\"widget\" data-e-type=\"widget\" id=\"four\" data-widget_type=\"text-editor.default\">\n\t\t\t\t\t\t\t\t\t<p>Zentya a COLOTESTet Szlov\u00e1ki\u00e1ba hozza. Ez egy innovat\u00edv \u00e9s rendk\u00edv\u00fcl pontos sz\u0171r\u0151vizsg\u00e1lat a vastagb\u00e9l- \u00e9s v\u00e9gb\u00e9lr\u00e1k kimutat\u00e1s\u00e1ra, m\u00e9g a betegs\u00e9g korai, r\u00e1kmegel\u0151z\u0151 st\u00e1dium\u00e1ban is.<\/p>\t\t\t\t\t\t\t\t<\/div>\n\t\t\t\t<div class=\"elementor-element elementor-element-5e58f79 elementor-align-left elementor-align--mobilecenter elementor-widget elementor-widget-elementskit-button\" data-id=\"5e58f79\" data-element_type=\"widget\" data-e-type=\"widget\" id=\"button-md-center\" data-widget_type=\"elementskit-button.default\">\n\t\t\t\t\t<div class=\"ekit-wid-con\" >\t\t<div class=\"ekit-btn-wraper\">\n\t\t\t\t\t\t\t<a href=\"#\" class=\"elementskit-btn  whitespace--normal\" id=\"\">\n\t\t\t\t\tL\u00e1togasson el a Colotest oldalra\t\t\t\t<\/a>\n\t\t\t\t\t<\/div>\n        <\/div>\t\t\t\t<\/div>\n\t\t\t\t<\/div>\n\t\t\t\t<\/div>\n\t\t\t\t<\/div>\n\t\t\t\t\t<\/div>\n\t\t\t\t<\/div>\n\t\t<div class=\"elementor-element elementor-element-2000248 e-flex e-con-boxed e-con e-parent\" data-id=\"2000248\" data-element_type=\"container\" data-e-type=\"container\" id=\"dot\" data-settings=\"{&quot;background_background&quot;:&quot;classic&quot;}\">\n\t\t\t\t\t<div class=\"e-con-inner\">\n\t\t<div class=\"elementor-element elementor-element-3587b00 e-con-full e-flex e-con e-child\" data-id=\"3587b00\" data-element_type=\"container\" data-e-type=\"container\">\n\t\t<div class=\"elementor-element elementor-element-58e2a38 e-con-full e-flex e-con e-child\" data-id=\"58e2a38\" data-element_type=\"container\" data-e-type=\"container\" data-settings=\"{&quot;background_background&quot;:&quot;gradient&quot;}\">\n\t\t\t\t<div class=\"elementor-element elementor-element-4de9480 elementor-widget elementor-widget-heading\" data-id=\"4de9480\" data-element_type=\"widget\" data-e-type=\"widget\" data-widget_type=\"heading.default\">\n\t\t\t\t\t<h1 class=\"elementor-heading-title elementor-size-default\">Onko-n\u0151gy\u00f3gy\u00e1szati<\/h1>\t\t\t\t<\/div>\n\t\t\t\t<div class=\"elementor-element elementor-element-ea7e89f elementor-widget elementor-widget-text-editor\" data-id=\"ea7e89f\" data-element_type=\"widget\" data-e-type=\"widget\" id=\"four\" data-widget_type=\"text-editor.default\">\n\t\t\t\t\t\t\t\t\t<p>Az \u00f6r\u00f6kletes r\u00e1kos megbeteged\u00e9sekre \u00f6sszpontos\u00edt\u00f3 tesztek, amelyek leggyakrabban az eml\u0151ket \u00e9s a petef\u00e9szkeket \u00e9rintik, els\u0151sorban olyan n\u0151k sz\u00e1m\u00e1ra k\u00e9sz\u00fcltek, akiknek szem\u00e9lyes vagy csal\u00e1di k\u00f3rt\u00f6rt\u00e9net\u00fck van.<\/p>\t\t\t\t\t\t\t\t<\/div>\n\t\t\t\t<div class=\"elementor-element elementor-element-d420ce1 elementor-icon-list--layout-traditional elementor-list-item-link-full_width elementor-widget elementor-widget-icon-list\" data-id=\"d420ce1\" data-element_type=\"widget\" data-e-type=\"widget\" data-widget_type=\"icon-list.default\">\n\t\t\t\t\t\t\t<ul class=\"elementor-icon-list-items\">\n\t\t\t\t\t\t\t<li class=\"elementor-icon-list-item\">\n\t\t\t\t\t\t\t\t\t\t\t<span class=\"elementor-icon-list-icon\">\n\t\t\t\t\t\t\t<svg aria-hidden=\"true\" class=\"e-font-icon-svg e-fas-dot-circle\" viewBox=\"0 0 512 512\" xmlns=\"http:\/\/www.w3.org\/2000\/svg\"><path d=\"M256 8C119.033 8 8 119.033 8 256s111.033 248 248 248 248-111.033 248-248S392.967 8 256 8zm80 248c0 44.112-35.888 80-80 80s-80-35.888-80-80 35.888-80 80-80 80 35.888 80 80z\"><\/path><\/svg>\t\t\t\t\t\t<\/span>\n\t\t\t\t\t\t\t\t\t\t<span class=\"elementor-icon-list-text\"><strong>A TESZT<\/strong>: Sentis BRCA (2 g\u00e9n): Elemzi a BRCA1 \u00e9s BRCA2 g\u00e9nek patog\u00e9n vari\u00e1nsainak jelenl\u00e9t\u00e9t, amelyek az eml\u0151- \u00e9s petef\u00e9szekr\u00e1k kialakul\u00e1s\u00e1nak fokozott kock\u00e1zat\u00e1val j\u00e1rnak.<\/span>\n\t\t\t\t\t\t\t\t\t<\/li>\n\t\t\t\t\t\t\t\t<li class=\"elementor-icon-list-item\">\n\t\t\t\t\t\t\t\t\t\t\t<span class=\"elementor-icon-list-icon\">\n\t\t\t\t\t\t\t<svg aria-hidden=\"true\" class=\"e-font-icon-svg e-fas-dot-circle\" viewBox=\"0 0 512 512\" xmlns=\"http:\/\/www.w3.org\/2000\/svg\"><path d=\"M256 8C119.033 8 8 119.033 8 256s111.033 248 248 248 248-111.033 248-248S392.967 8 256 8zm80 248c0 44.112-35.888 80-80 80s-80-35.888-80-80 35.888-80 80-80 80 35.888 80 80z\"><\/path><\/svg>\t\t\t\t\t\t<\/span>\n\t\t\t\t\t\t\t\t\t\t<span class=\"elementor-icon-list-text\"><strong>B TESZT<\/strong>: Sentis \u00f6r\u00f6kletes mell- \u00e9s petef\u00e9szekr\u00e1k (HBOC, 26) (javasolt szlov\u00e1k n\u00e9v: Sentis - Kiterjesztett genetikai teszt \u00f6r\u00f6kletes mell- \u00e9s petef\u00e9szekr\u00e1kra): Egy kib\u0151v\u00edtett panel, amely a BRCA1\/2 mellett m\u00e1s, az eml\u0151- \u00e9s petef\u00e9szekr\u00e1k \u00f6r\u00f6kletes kock\u00e1zat\u00e1val \u00f6sszef\u00fcgg\u0151 g\u00e9neket (\u00f6sszesen 26) is elemez.<\/span>\n\t\t\t\t\t\t\t\t\t<\/li>\n\t\t\t\t\t\t<\/ul>\n\t\t\t\t\t\t<\/div>\n\t\t\t\t<\/div>\n\t\t<div class=\"elementor-element elementor-element-c888158 e-con-full e-flex e-con e-child\" data-id=\"c888158\" data-element_type=\"container\" data-e-type=\"container\" data-settings=\"{&quot;background_background&quot;:&quot;gradient&quot;}\">\n\t\t\t\t<div class=\"elementor-element elementor-element-76ef006 elementor-widget elementor-widget-heading\" data-id=\"76ef006\" data-element_type=\"widget\" data-e-type=\"widget\" data-widget_type=\"heading.default\">\n\t\t\t\t\t<h1 class=\"elementor-heading-title elementor-size-default\">Onkol\u00f3giai<\/h1>\t\t\t\t<\/div>\n\t\t\t\t<div class=\"elementor-element elementor-element-ee2f5f2 elementor-widget elementor-widget-text-editor\" data-id=\"ee2f5f2\" data-element_type=\"widget\" data-e-type=\"widget\" id=\"four\" data-widget_type=\"text-editor.default\">\n\t\t\t\t\t\t\t\t\t<p>Testy zameran\u00e9 na dedi\u010dn\u00e9 riziko vzniku r\u00f4znych n\u00e1dorov\u00fdch ochoren\u00ed naprie\u010d viacer\u00fdmi organov\u00fdmi syst\u00e9mami a s\u00fa vhodn\u00e9 pre \u017eeny aj mu\u017eov.<\/p>\t\t\t\t\t\t\t\t<\/div>\n\t\t\t\t<div class=\"elementor-element elementor-element-8c36b12 elementor-icon-list--layout-traditional elementor-list-item-link-full_width elementor-widget elementor-widget-icon-list\" data-id=\"8c36b12\" data-element_type=\"widget\" data-e-type=\"widget\" data-widget_type=\"icon-list.default\">\n\t\t\t\t\t\t\t<ul class=\"elementor-icon-list-items\">\n\t\t\t\t\t\t\t<li class=\"elementor-icon-list-item\">\n\t\t\t\t\t\t\t\t\t\t\t<span class=\"elementor-icon-list-icon\">\n\t\t\t\t\t\t\t<svg aria-hidden=\"true\" class=\"e-font-icon-svg e-fas-dot-circle\" viewBox=\"0 0 512 512\" xmlns=\"http:\/\/www.w3.org\/2000\/svg\"><path d=\"M256 8C119.033 8 8 119.033 8 256s111.033 248 248 248 248-111.033 248-248S392.967 8 256 8zm80 248c0 44.112-35.888 80-80 80s-80-35.888-80-80 35.888-80 80-80 80 35.888 80 80z\"><\/path><\/svg>\t\t\t\t\t\t<\/span>\n\t\t\t\t\t\t\t\t\t\t<span class=\"elementor-icon-list-text\"><strong>TEST A: <\/strong>Sentis \u00f6r\u00f6kletes r\u00e1k tesztcsomag (n\u0151i 85\/f\u00e9rfi 90) (javasolt szlov\u00e1k n\u00e9v: Sentis - \u00d6r\u00f6kletes r\u00e1kos betegs\u00e9gek \u00e1tfog\u00f3 genetikai panelje, amely mind a n\u0151k, mind a f\u00e9rfiak sz\u00e1m\u00e1ra alkalmas): Az \u00f6r\u00f6kletes r\u00e1kos betegs\u00e9gek kib\u0151v\u00edtett panelje egy \u00e1tfog\u00f3 genetikai teszt, amely t\u00f6bb tucat g\u00e9nt elemez, amelyek a r\u00e1k kialakul\u00e1s\u00e1nak \u00f6r\u00f6kletes kock\u00e1zat\u00e1val kapcsolatosak (n\u0151kn\u00e9l 85, f\u00e9rfiakn\u00e1l 90 g\u00e9n).<\/span>\n\t\t\t\t\t\t\t\t\t<\/li>\n\t\t\t\t\t\t\t\t<li class=\"elementor-icon-list-item\">\n\t\t\t\t\t\t\t\t\t\t\t<span class=\"elementor-icon-list-icon\">\n\t\t\t\t\t\t\t<svg aria-hidden=\"true\" class=\"e-font-icon-svg e-fas-dot-circle\" viewBox=\"0 0 512 512\" xmlns=\"http:\/\/www.w3.org\/2000\/svg\"><path d=\"M256 8C119.033 8 8 119.033 8 256s111.033 248 248 248 248-111.033 248-248S392.967 8 256 8zm80 248c0 44.112-35.888 80-80 80s-80-35.888-80-80 35.888-80 80-80 80 35.888 80 80z\"><\/path><\/svg>\t\t\t\t\t\t<\/span>\n\t\t\t\t\t\t\t\t\t\t<span class=\"elementor-icon-list-text\"><strong>TEST B<\/strong>: Sentis Hereditary \u2013 egyetlen betegs\u00e9g: C\u00e9lzott genetikai teszt, amely egyetlen specifikus \u00f6r\u00f6kletes r\u00e1kos betegs\u00e9gre \u00f6sszpontos\u00edt, \u00e9s amelyet a szem\u00e9lyes vagy csal\u00e1di k\u00f3rt\u00f6rt\u00e9net alapj\u00e1n v\u00e1lasztanak ki.<\/span>\n\t\t\t\t\t\t\t\t\t<\/li>\n\t\t\t\t\t\t<\/ul>\n\t\t\t\t\t\t<\/div>\n\t\t\t\t<\/div>\n\t\t\t\t<\/div>\n\t\t\t\t\t<\/div>\n\t\t\t\t<\/div>\n\t\t<div class=\"elementor-element elementor-element-8aaec07 e-flex e-con-boxed e-con e-parent\" data-id=\"8aaec07\" data-element_type=\"container\" data-e-type=\"container\">\n\t\t\t\t\t<div class=\"e-con-inner\">\n\t\t\t\t<div class=\"elementor-element elementor-element-30262b2 elementor-align-center elementor-widget elementor-widget-elementskit-button\" data-id=\"30262b2\" data-element_type=\"widget\" data-e-type=\"widget\" data-widget_type=\"elementskit-button.default\">\n\t\t\t\t\t<div class=\"ekit-wid-con\" >\t\t<div class=\"ekit-btn-wraper\">\n\t\t\t\t\t\t\t<a href=\"#\" class=\"elementskit-btn  whitespace--normal\" id=\"\">\n\t\t\t\t\tMenj a Sentis oldal\u00e1ra\t\t\t\t<\/a>\n\t\t\t\t\t<\/div>\n        <\/div>\t\t\t\t<\/div>\n\t\t\t\t\t<\/div>\n\t\t\t\t<\/div>\n\t\t\t\t<\/div>\n\t\t","protected":false},"excerpt":{"rendered":"<p>Sentis Genetikai sz\u0171r\u0151vizsg\u00e1latok, amelyek c\u00e9lja az \u00f6r\u00f6kletes r\u00e1kos megbeteged\u00e9sek, k\u00f6zt\u00fck a leggyakoribb r\u00e1kt\u00edpusok \u00f6r\u00f6kletes kock\u00e1zat\u00e1nak felm\u00e9r\u00e9se A teszt inform\u00e1ci\u00f3t ny\u00fajt a betegek \u00e9s az eg\u00e9szs\u00e9g\u00fcgyi szakemberek sz\u00e1m\u00e1ra a r\u00e1kra val\u00f3 genetikai hajlamr\u00f3l, amely felhaszn\u00e1lhat\u00f3 a megel\u0151z\u00e9sre \u00e9s a szem\u00e9lyre szabott ter\u00e1pi\u00e1ra. A teszt feln\u0151ttek sz\u00e1m\u00e1ra alkalmas, k\u00fcl\u00f6n\u00f6sen azok sz\u00e1m\u00e1ra, akiknek szem\u00e9lyes vagy csal\u00e1di k\u00f3rt\u00f6rt\u00e9net\u00e9ben szerepel [&hellip;]<\/p>\n","protected":false},"author":1,"featured_media":0,"parent":0,"menu_order":0,"comment_status":"closed","ping_status":"closed","template":"","meta":{"_acf_changed":false,"footnotes":""},"class_list":["post-4283","page","type-page","status-publish","hentry"],"acf":{"email":"info@zentya.sk","tel":"+421 915 842 336"},"_links":{"self":[{"href":"https:\/\/zentya.farenby.sk\/hu\/wp-json\/wp\/v2\/pages\/4283","targetHints":{"allow":["GET"]}}],"collection":[{"href":"https:\/\/zentya.farenby.sk\/hu\/wp-json\/wp\/v2\/pages"}],"about":[{"href":"https:\/\/zentya.farenby.sk\/hu\/wp-json\/wp\/v2\/types\/page"}],"author":[{"embeddable":true,"href":"https:\/\/zentya.farenby.sk\/hu\/wp-json\/wp\/v2\/users\/1"}],"replies":[{"embeddable":true,"href":"https:\/\/zentya.farenby.sk\/hu\/wp-json\/wp\/v2\/comments?post=4283"}],"version-history":[{"count":3,"href":"https:\/\/zentya.farenby.sk\/hu\/wp-json\/wp\/v2\/pages\/4283\/revisions"}],"predecessor-version":[{"id":4833,"href":"https:\/\/zentya.farenby.sk\/hu\/wp-json\/wp\/v2\/pages\/4283\/revisions\/4833"}],"wp:attachment":[{"href":"https:\/\/zentya.farenby.sk\/hu\/wp-json\/wp\/v2\/media?parent=4283"}],"curies":[{"name":"wp","href":"https:\/\/api.w.org\/{rel}","templated":true}]}}