{"id":4272,"date":"2026-03-19T06:13:35","date_gmt":"2026-03-19T05:13:35","guid":{"rendered":"https:\/\/zentya.farenby.sk\/colo-test\/"},"modified":"2026-03-27T07:08:21","modified_gmt":"2026-03-27T06:08:21","slug":"colo-test","status":"publish","type":"page","link":"https:\/\/zentya.farenby.sk\/hu\/colo-test\/","title":{"rendered":"Colo test"},"content":{"rendered":"\t\t<div data-elementor-type=\"wp-post\" data-elementor-id=\"4272\" class=\"elementor elementor-4272 elementor-2252\" data-elementor-post-type=\"page\">\n\t\t\t\t<div class=\"elementor-element elementor-element-7c8b388 e-flex e-con-boxed e-con e-parent\" data-id=\"7c8b388\" data-element_type=\"container\" data-e-type=\"container\" data-settings=\"{&quot;background_background&quot;:&quot;classic&quot;}\">\n\t\t\t\t\t<div class=\"e-con-inner\">\n\t\t<div class=\"elementor-element elementor-element-8472fb2 e-con-full e-flex e-con e-child\" data-id=\"8472fb2\" data-element_type=\"container\" data-e-type=\"container\" id=\"four\" data-settings=\"{&quot;background_background&quot;:&quot;classic&quot;}\">\n\t\t<div class=\"elementor-element elementor-element-1f8f896 e-con-full e-flex e-con e-child\" data-id=\"1f8f896\" data-element_type=\"container\" data-e-type=\"container\" data-settings=\"{&quot;background_background&quot;:&quot;classic&quot;}\">\n\t\t<div class=\"elementor-element elementor-element-53c1fc0 e-con-full e-flex e-con e-child\" data-id=\"53c1fc0\" data-element_type=\"container\" data-e-type=\"container\">\n\t\t\t\t<div class=\"elementor-element elementor-element-8f2c35a elementor-widget elementor-widget-heading\" data-id=\"8f2c35a\" data-element_type=\"widget\" data-e-type=\"widget\" data-widget_type=\"heading.default\">\n\t\t\t\t\t<h1 class=\"elementor-heading-title elementor-size-default\">Colo test<\/h1>\t\t\t\t<\/div>\n\t\t\t\t<div class=\"elementor-element elementor-element-9e6bef4 elementor-widget__width-inherit elementor-widget elementor-widget-text-editor\" data-id=\"9e6bef4\" data-element_type=\"widget\" data-e-type=\"widget\" data-widget_type=\"text-editor.default\">\n\t\t\t\t\t\t\t\t\t<p style=\"text-align: left;\">F\u00e1jdalommentes, non-invaz\u00edv vastagb\u00e9lr\u00e1k sz\u0171r\u00e9s<\/p>\t\t\t\t\t\t\t\t<\/div>\n\t\t\t\t<div class=\"elementor-element elementor-element-ab13755 elementor-hidden-mobile elementor-widget elementor-widget-text-editor\" data-id=\"ab13755\" data-element_type=\"widget\" data-e-type=\"widget\" data-widget_type=\"text-editor.default\">\n\t\t\t\t\t\t\t\t\t<p>A Zentya elhozza Szlov\u00e1ki\u00e1ba a COLOTEST-et. Ez egy innovat\u00edv \u00e9s rendk\u00edv\u00fcl pontos sz\u0171r\u0151teszt a vastagb\u00e9l- \u00e9s v\u00e9gb\u00e9lr\u00e1k kimutat\u00e1s\u00e1ra, m\u00e9g a betegs\u00e9g korai, r\u00e1kmegel\u0151z\u0151 st\u00e1dium\u00e1ban is. <\/p>\t\t\t\t\t\t\t\t<\/div>\n\t\t\t\t<div class=\"elementor-element elementor-element-dc58fd9 elementor-align-left elementor-hidden-mobile elementor-widget elementor-widget-elementskit-button\" data-id=\"dc58fd9\" data-element_type=\"widget\" data-e-type=\"widget\" id=\"button-md-left\" data-widget_type=\"elementskit-button.default\">\n\t\t\t\t\t<div class=\"ekit-wid-con\" >\t\t<div class=\"ekit-btn-wraper\">\n\t\t\t\t\t\t\t<a href=\"#\" class=\"elementskit-btn  whitespace--normal\" id=\"\">\n\t\t\t\t\tL\u00e1togasson el a Colotest oldalra\t\t\t\t<\/a>\n\t\t\t\t\t<\/div>\n        <\/div>\t\t\t\t<\/div>\n\t\t\t\t<\/div>\n\t\t<div class=\"elementor-element elementor-element-df33f90 e-con-full elementor-hidden-mobile e-flex e-con e-child\" data-id=\"df33f90\" data-element_type=\"container\" data-e-type=\"container\" data-settings=\"{&quot;background_background&quot;:&quot;classic&quot;,&quot;position&quot;:&quot;absolute&quot;}\">\n\t\t\t\t<div class=\"elementor-element elementor-element-c38946d elementor-widget elementor-widget-heading\" data-id=\"c38946d\" data-element_type=\"widget\" data-e-type=\"widget\" data-widget_type=\"heading.default\">\n\t\t\t\t\t<h2 class=\"elementor-heading-title elementor-size-default\">93%<\/h2>\t\t\t\t<\/div>\n\t\t\t\t<div class=\"elementor-element elementor-element-bb0d49d elementor-widget elementor-widget-text-editor\" data-id=\"bb0d49d\" data-element_type=\"widget\" data-e-type=\"widget\" data-widget_type=\"text-editor.default\">\n\t\t\t\t\t\t\t\t\t<p>pontoss\u00e1g<\/p>\t\t\t\t\t\t\t\t<\/div>\n\t\t\t\t<\/div>\n\t\t\t\t<\/div>\n\t\t\t\t<\/div>\n\t\t<div class=\"elementor-element elementor-element-a2507b8 e-con-full elementor-hidden-desktop elementor-hidden-tablet e-flex e-con e-child\" data-id=\"a2507b8\" data-element_type=\"container\" data-e-type=\"container\" data-settings=\"{&quot;background_background&quot;:&quot;gradient&quot;}\">\n\t\t<div class=\"elementor-element elementor-element-239ad0f e-con-full e-flex e-con e-child\" data-id=\"239ad0f\" data-element_type=\"container\" data-e-type=\"container\" data-settings=\"{&quot;background_background&quot;:&quot;classic&quot;}\">\n\t\t<div class=\"elementor-element elementor-element-c23bca2 e-con-full e-flex e-con e-child\" data-id=\"c23bca2\" data-element_type=\"container\" data-e-type=\"container\" data-settings=\"{&quot;background_background&quot;:&quot;classic&quot;}\">\n\t\t<div class=\"elementor-element elementor-element-9133d6c e-con-full e-flex e-con e-child\" data-id=\"9133d6c\" data-element_type=\"container\" data-e-type=\"container\" data-settings=\"{&quot;background_background&quot;:&quot;classic&quot;,&quot;position&quot;:&quot;absolute&quot;}\">\n\t\t\t\t<div class=\"elementor-element elementor-element-b5a8fab elementor-widget elementor-widget-heading\" data-id=\"b5a8fab\" data-element_type=\"widget\" data-e-type=\"widget\" data-widget_type=\"heading.default\">\n\t\t\t\t\t<h2 class=\"elementor-heading-title elementor-size-default\">93%<\/h2>\t\t\t\t<\/div>\n\t\t\t\t<div class=\"elementor-element elementor-element-bf42f13 elementor-widget elementor-widget-text-editor\" data-id=\"bf42f13\" data-element_type=\"widget\" data-e-type=\"widget\" id=\"four\" data-widget_type=\"text-editor.default\">\n\t\t\t\t\t\t\t\t\t<p>pontoss\u00e1g<\/p>\t\t\t\t\t\t\t\t<\/div>\n\t\t\t\t<\/div>\n\t\t\t\t<\/div>\n\t\t\t\t<\/div>\n\t\t\t\t<\/div>\n\t\t<div class=\"elementor-element elementor-element-88a37d4 e-con-full elementor-hidden-desktop elementor-hidden-tablet e-flex e-con e-child\" data-id=\"88a37d4\" data-element_type=\"container\" data-e-type=\"container\">\n\t\t<div class=\"elementor-element elementor-element-5c6a7de e-con-full e-flex e-con e-child\" data-id=\"5c6a7de\" data-element_type=\"container\" data-e-type=\"container\" data-settings=\"{&quot;background_background&quot;:&quot;classic&quot;}\">\n\t\t<div class=\"elementor-element elementor-element-ac06139 e-con-full e-flex e-con e-child\" data-id=\"ac06139\" data-element_type=\"container\" data-e-type=\"container\">\n\t\t\t\t<div class=\"elementor-element elementor-element-d455140 elementor-widget elementor-widget-text-editor\" data-id=\"d455140\" data-element_type=\"widget\" data-e-type=\"widget\" id=\"four\" data-widget_type=\"text-editor.default\">\n\t\t\t\t\t\t\t\t\t<p>A Zentya elhozza Szlov\u00e1ki\u00e1ba a COLOTEST-et. Ez egy innovat\u00edv \u00e9s rendk\u00edv\u00fcl pontos sz\u0171r\u0151teszt a vastagb\u00e9l- \u00e9s v\u00e9gb\u00e9lr\u00e1k kimutat\u00e1s\u00e1ra, m\u00e9g a betegs\u00e9g korai, r\u00e1kmegel\u0151z\u0151 st\u00e1dium\u00e1ban is. <\/p>\t\t\t\t\t\t\t\t<\/div>\n\t\t\t\t<div class=\"elementor-element elementor-element-5e58f79 elementor-align-left elementor-align--mobilecenter elementor-widget elementor-widget-elementskit-button\" data-id=\"5e58f79\" data-element_type=\"widget\" data-e-type=\"widget\" id=\"button-md-center\" data-widget_type=\"elementskit-button.default\">\n\t\t\t\t\t<div class=\"ekit-wid-con\" >\t\t<div class=\"ekit-btn-wraper\">\n\t\t\t\t\t\t\t<a href=\"#\" class=\"elementskit-btn  whitespace--normal\" id=\"\">\n\t\t\t\t\tL\u00e1togasson el a Colotest oldalra\t\t\t\t<\/a>\n\t\t\t\t\t<\/div>\n        <\/div>\t\t\t\t<\/div>\n\t\t\t\t<\/div>\n\t\t\t\t<\/div>\n\t\t\t\t<\/div>\n\t\t\t\t\t<\/div>\n\t\t\t\t<\/div>\n\t\t<div class=\"elementor-element elementor-element-2000248 e-flex e-con-boxed e-con e-parent\" data-id=\"2000248\" data-element_type=\"container\" data-e-type=\"container\" id=\"dot\" data-settings=\"{&quot;background_background&quot;:&quot;classic&quot;}\">\n\t\t\t\t\t<div class=\"e-con-inner\">\n\t\t<div class=\"elementor-element elementor-element-3587b00 e-con-full e-flex e-con e-child\" data-id=\"3587b00\" data-element_type=\"container\" data-e-type=\"container\" data-settings=\"{&quot;background_background&quot;:&quot;gradient&quot;}\">\n\t\t<div class=\"elementor-element elementor-element-58e2a38 e-con-full e-flex e-con e-child\" data-id=\"58e2a38\" data-element_type=\"container\" data-e-type=\"container\" data-settings=\"{&quot;background_background&quot;:&quot;classic&quot;}\">\n\t\t\t\t<div class=\"elementor-element elementor-element-4de9480 elementor-widget elementor-widget-heading\" data-id=\"4de9480\" data-element_type=\"widget\" data-e-type=\"widget\" data-widget_type=\"heading.default\">\n\t\t\t\t\t<h1 class=\"elementor-heading-title elementor-size-default\">Colotest<\/h1>\t\t\t\t<\/div>\n\t\t\t\t<div class=\"elementor-element elementor-element-d420ce1 elementor-icon-list--layout-traditional elementor-list-item-link-full_width elementor-widget elementor-widget-icon-list\" data-id=\"d420ce1\" data-element_type=\"widget\" data-e-type=\"widget\" data-widget_type=\"icon-list.default\">\n\t\t\t\t\t\t\t<ul class=\"elementor-icon-list-items\">\n\t\t\t\t\t\t\t<li class=\"elementor-icon-list-item\">\n\t\t\t\t\t\t\t\t\t\t\t<span class=\"elementor-icon-list-icon\">\n\t\t\t\t\t\t\t<svg aria-hidden=\"true\" class=\"e-font-icon-svg e-fas-dot-circle\" viewBox=\"0 0 512 512\" xmlns=\"http:\/\/www.w3.org\/2000\/svg\"><path d=\"M256 8C119.033 8 8 119.033 8 256s111.033 248 248 248 248-111.033 248-248S392.967 8 256 8zm80 248c0 44.112-35.888 80-80 80s-80-35.888-80-80 35.888-80 80-80 80 35.888 80 80z\"><\/path><\/svg>\t\t\t\t\t\t<\/span>\n\t\t\t\t\t\t\t\t\t\t<span class=\"elementor-icon-list-text\">Egy nem invaz\u00edv genetikai sz\u0171r\u0151vizsg\u00e1lat sz\u00e9kletb\u0151l, amelynek c\u00e9lja a vastagb\u00e9lr\u00e1k (a vastag- \u00e9s v\u00e9gb\u00e9lr\u00e1k) \u00e9s annak r\u00e1kmegel\u0151z\u0151 \u00e1llapotainak korai felismer\u00e9se.<\/span>\n\t\t\t\t\t\t\t\t\t<\/li>\n\t\t\t\t\t\t\t\t<li class=\"elementor-icon-list-item\">\n\t\t\t\t\t\t\t\t\t\t\t<span class=\"elementor-icon-list-icon\">\n\t\t\t\t\t\t\t<svg aria-hidden=\"true\" class=\"e-font-icon-svg e-fas-dot-circle\" viewBox=\"0 0 512 512\" xmlns=\"http:\/\/www.w3.org\/2000\/svg\"><path d=\"M256 8C119.033 8 8 119.033 8 256s111.033 248 248 248 248-111.033 248-248S392.967 8 256 8zm80 248c0 44.112-35.888 80-80 80s-80-35.888-80-80 35.888-80 80-80 80 35.888 80 80z\"><\/path><\/svg>\t\t\t\t\t\t<\/span>\n\t\t\t\t\t\t\t\t\t\t<span class=\"elementor-icon-list-text\">A teszt elve \u00e9s siker\u00e9nek oka a vastagb\u00e9lr\u00e1kra jellemz\u0151 3 specifikus g\u00e9n DNS-v\u00e1ltoz\u00e1sainak elemz\u00e9se. Az egyik el\u0151nye, hogy a mint\u00e1kat k\u00f6zvetlen\u00fcl egy pozsonyi laborat\u00f3riumban \u00e9rt\u00e9kelik. <\/span>\n\t\t\t\t\t\t\t\t\t<\/li>\n\t\t\t\t\t\t\t\t<li class=\"elementor-icon-list-item\">\n\t\t\t\t\t\t\t\t\t\t\t<span class=\"elementor-icon-list-icon\">\n\t\t\t\t\t\t\t<svg aria-hidden=\"true\" class=\"e-font-icon-svg e-fas-dot-circle\" viewBox=\"0 0 512 512\" xmlns=\"http:\/\/www.w3.org\/2000\/svg\"><path d=\"M256 8C119.033 8 8 119.033 8 256s111.033 248 248 248 248-111.033 248-248S392.967 8 256 8zm80 248c0 44.112-35.888 80-80 80s-80-35.888-80-80 35.888-80 80-80 80 35.888 80 80z\"><\/path><\/svg>\t\t\t\t\t\t<\/span>\n\t\t\t\t\t\t\t\t\t\t<span class=\"elementor-icon-list-text\">A tesztet olyan feln\u0151ttek sz\u00e1m\u00e1ra sz\u00e1nj\u00e1k, akik inform\u00e1ci\u00f3t szeretn\u00e9nek szerezni a vastagb\u00e9lr\u00e1kkal \u00f6sszef\u00fcgg\u0151 k\u00f3ros DNS-metil\u00e1ci\u00f3s biomarkerek jelenl\u00e9t\u00e9r\u0151l.<\/span>\n\t\t\t\t\t\t\t\t\t<\/li>\n\t\t\t\t\t\t\t\t<li class=\"elementor-icon-list-item\">\n\t\t\t\t\t\t\t\t\t\t\t<span class=\"elementor-icon-list-icon\">\n\t\t\t\t\t\t\t<svg aria-hidden=\"true\" class=\"e-font-icon-svg e-fas-dot-circle\" viewBox=\"0 0 512 512\" xmlns=\"http:\/\/www.w3.org\/2000\/svg\"><path d=\"M256 8C119.033 8 8 119.033 8 256s111.033 248 248 248 248-111.033 248-248S392.967 8 256 8zm80 248c0 44.112-35.888 80-80 80s-80-35.888-80-80 35.888-80 80-80 80 35.888 80 80z\"><\/path><\/svg>\t\t\t\t\t\t<\/span>\n\t\t\t\t\t\t\t\t\t\t<span class=\"elementor-icon-list-text\"><strong>A f\u0151 el\u0151ny<\/strong>: egyszer\u0171 \u00e9s k\u00e9nyelmes vizsg\u00e1lat an\u00e9lk\u00fcl, hogy azonnal invaz\u00edv kolonoszk\u00f3pi\u00e1nak kellene al\u00e1vetni magukat.<\/span>\n\t\t\t\t\t\t\t\t\t<\/li>\n\t\t\t\t\t\t\t\t<li class=\"elementor-icon-list-item\">\n\t\t\t\t\t\t\t\t\t\t\t<span class=\"elementor-icon-list-icon\">\n\t\t\t\t\t\t\t<svg aria-hidden=\"true\" class=\"e-font-icon-svg e-fas-dot-circle\" viewBox=\"0 0 512 512\" xmlns=\"http:\/\/www.w3.org\/2000\/svg\"><path d=\"M256 8C119.033 8 8 119.033 8 256s111.033 248 248 248 248-111.033 248-248S392.967 8 256 8zm80 248c0 44.112-35.888 80-80 80s-80-35.888-80-80 35.888-80 80-80 80 35.888 80 80z\"><\/path><\/svg>\t\t\t\t\t\t<\/span>\n\t\t\t\t\t\t\t\t\t\t<span class=\"elementor-icon-list-text\"><strong>Met\u00f3da<\/strong>: A sz\u00e9klet DNS-\u00e9nek molekul\u00e1ris m\u00f3dszerekkel t\u00f6rt\u00e9n\u0151 elemz\u00e9se a vastagb\u00e9lr\u00e1kkal \u00f6sszef\u00fcgg\u0151 rendelleness\u00e9gek kimutat\u00e1s\u00e1ra.<\/span>\n\t\t\t\t\t\t\t\t\t<\/li>\n\t\t\t\t\t\t\t\t<li class=\"elementor-icon-list-item\">\n\t\t\t\t\t\t\t\t\t\t\t<span class=\"elementor-icon-list-icon\">\n\t\t\t\t\t\t\t<svg aria-hidden=\"true\" class=\"e-font-icon-svg e-fas-dot-circle\" viewBox=\"0 0 512 512\" xmlns=\"http:\/\/www.w3.org\/2000\/svg\"><path d=\"M256 8C119.033 8 8 119.033 8 256s111.033 248 248 248 248-111.033 248-248S392.967 8 256 8zm80 248c0 44.112-35.888 80-80 80s-80-35.888-80-80 35.888-80 80-80 80 35.888 80 80z\"><\/path><\/svg>\t\t\t\t\t\t<\/span>\n\t\t\t\t\t\t\t\t\t\t<span class=\"elementor-icon-list-text\"><strong>A teszt online is megrendelhet\u0151, orvosi aj\u00e1nl\u00e1s n\u00e9lk\u00fcl.<\/strong><\/span>\n\t\t\t\t\t\t\t\t\t<\/li>\n\t\t\t\t\t\t<\/ul>\n\t\t\t\t\t\t<\/div>\n\t\t\t\t<\/div>\n\t\t\t\t<\/div>\n\t\t\t\t\t<\/div>\n\t\t\t\t<\/div>\n\t\t<div class=\"elementor-element elementor-element-8aaec07 e-flex e-con-boxed e-con e-parent\" data-id=\"8aaec07\" data-element_type=\"container\" data-e-type=\"container\">\n\t\t\t\t\t<div class=\"e-con-inner\">\n\t\t\t\t<div class=\"elementor-element elementor-element-30262b2 elementor-align-center elementor-widget elementor-widget-elementskit-button\" data-id=\"30262b2\" data-element_type=\"widget\" data-e-type=\"widget\" data-widget_type=\"elementskit-button.default\">\n\t\t\t\t\t<div class=\"ekit-wid-con\" >\t\t<div class=\"ekit-btn-wraper\">\n\t\t\t\t\t\t\t<a href=\"#\" class=\"elementskit-btn  whitespace--normal\" id=\"\">\n\t\t\t\t\tL\u00e1togasson el a Colotest oldalra\t\t\t\t<\/a>\n\t\t\t\t\t<\/div>\n        <\/div>\t\t\t\t<\/div>\n\t\t\t\t\t<\/div>\n\t\t\t\t<\/div>\n\t\t\t\t<\/div>\n\t\t","protected":false},"excerpt":{"rendered":"<p>Colo test F\u00e1jdalommentes, non-invaz\u00edv vastagb\u00e9lr\u00e1k sz\u0171r\u00e9s A Zentya elhozza Szlov\u00e1ki\u00e1ba a COLOTEST-et. Ez egy innovat\u00edv \u00e9s rendk\u00edv\u00fcl pontos sz\u0171r\u0151teszt a vastagb\u00e9l- \u00e9s v\u00e9gb\u00e9lr\u00e1k kimutat\u00e1s\u00e1ra, m\u00e9g a betegs\u00e9g korai, r\u00e1kmegel\u0151z\u0151 st\u00e1dium\u00e1ban is. L\u00e1togasson el a Colotest oldalra 93% pontoss\u00e1g 93% pontoss\u00e1g A Zentya elhozza Szlov\u00e1ki\u00e1ba a COLOTEST-et. Ez egy innovat\u00edv \u00e9s rendk\u00edv\u00fcl pontos sz\u0171r\u0151teszt a vastagb\u00e9l- [&hellip;]<\/p>\n","protected":false},"author":1,"featured_media":0,"parent":0,"menu_order":0,"comment_status":"closed","ping_status":"closed","template":"","meta":{"_acf_changed":false,"footnotes":""},"class_list":["post-4272","page","type-page","status-publish","hentry"],"acf":{"email":"info@zentya.sk","tel":"+421 915 842 336"},"_links":{"self":[{"href":"https:\/\/zentya.farenby.sk\/hu\/wp-json\/wp\/v2\/pages\/4272","targetHints":{"allow":["GET"]}}],"collection":[{"href":"https:\/\/zentya.farenby.sk\/hu\/wp-json\/wp\/v2\/pages"}],"about":[{"href":"https:\/\/zentya.farenby.sk\/hu\/wp-json\/wp\/v2\/types\/page"}],"author":[{"embeddable":true,"href":"https:\/\/zentya.farenby.sk\/hu\/wp-json\/wp\/v2\/users\/1"}],"replies":[{"embeddable":true,"href":"https:\/\/zentya.farenby.sk\/hu\/wp-json\/wp\/v2\/comments?post=4272"}],"version-history":[{"count":3,"href":"https:\/\/zentya.farenby.sk\/hu\/wp-json\/wp\/v2\/pages\/4272\/revisions"}],"predecessor-version":[{"id":4815,"href":"https:\/\/zentya.farenby.sk\/hu\/wp-json\/wp\/v2\/pages\/4272\/revisions\/4815"}],"wp:attachment":[{"href":"https:\/\/zentya.farenby.sk\/hu\/wp-json\/wp\/v2\/media?parent=4272"}],"curies":[{"name":"wp","href":"https:\/\/api.w.org\/{rel}","templated":true}]}}